{"id":3563,"date":"2015-11-24T23:38:47","date_gmt":"2015-11-24T23:38:47","guid":{"rendered":"http:\/\/grupogmx.com.br\/site\/?page_id=3563"},"modified":"2018-12-08T22:56:33","modified_gmt":"2018-12-08T22:56:33","slug":"gmx-produtos-e-servicos","status":"publish","type":"page","link":"http:\/\/grupogmx.com.br\/grupogmx\/index.php\/gmx-produtos-e-servicos\/","title":{"rendered":"GMX PRODUTOS E SERVI\u00c7OS"},"content":{"rendered":" [vc_row][vc_column]<a name=\"toc_institucional\" id=\"toc_institucional\" class=\"sc_anchor\" title=\"\" data-description=\"\" data-icon=\"none\" data-url=\"#toc_institucional\" data-separator=\"no\"><\/a><div class=\"sc_section\" style=\"color:#7d7d74;background-color:#f2f2e2;\"><div class=\"sc_content main\"><h2 class=\"sc_title sc_title_regular\" style=\"margin-top:100px;margin-bottom:30px;text-align:center;color:#8a8a7b;font-weight:400;\">GMX PRODUTOS E SERVI\u00c7OS<\/h2><div class=\"columnsWrap sc_columns sc_columns_count_2\" style=\"margin-bottom:20px;\"><div class=\"columns1_2 sc_column_item sc_column_item_1 odd first\">[vc_column_text]<img loading=\"lazy\" class=\"aligncenter size-full wp-image-4257\" src=\"http:\/\/grupogmx.com.br\/wp-content\/uploads\/2015\/11\/missao-011.jpg\" alt=\"missao 011\" width=\"544\" height=\"275\" srcset=\"http:\/\/grupogmx.com.br\/grupogmx\/wp-content\/uploads\/2015\/11\/missao-011.jpg 544w, http:\/\/grupogmx.com.br\/grupogmx\/wp-content\/uploads\/2015\/11\/missao-011-300x152.jpg 300w\" sizes=\"(max-width: 544px) 100vw, 544px\" \/>[\/vc_column_text]<\/div><div class=\"columns1_2 sc_column_item sc_column_item_2 even\">[vc_column_text] <h6 style=\"text-align: left;\">\u00c9 uma empresa atacadista que tem compromisso com a excel\u00eancia, efici\u00eancia e qualidade para clientes, consumidores e colaboradores. Faz parte da nossa ess\u00eancia desenvolver parcerias com fornecedores, expandir nossos mercados e crescer de maneira sustent\u00e1vel.<\/h6>\n<h6><strong>Miss\u00e3o.<\/strong> Comercializar e distribuir com efici\u00eancia, rapidez e confiabilidade nossos produtos, objetivando a satisfa\u00e7\u00e3o dos nossos clientes, consumidores e fornecedores.<\/h6>\n<h6><strong>Vis\u00e3o.<\/strong> Ser uma empresa refer\u00eancia pelo compromisso com a excel\u00eancia, efici\u00eancia e qualidade para fornecedores, clientes, consumidores e colaboradores. Faz parte da nossa ess\u00eancia desenvolver parcerias com fornecedores, expandir nossos mercados e crescer de maneira sustent\u00e1vel.<\/h6> [\/vc_column_text]<\/div><\/div><h2 class=\"sc_title sc_title_regular\" style=\"margin-top:40px;margin-bottom:20px;text-align:center;color:#8a8a7b;font-weight:400;\">EQUIPE<\/h2><div class=\"columnsWrap sc_columns sc_columns_count_3\" style=\"margin-bottom:30px;\"><div class=\"columns1_3 sc_column_item sc_column_item_1 odd first\">[vc_column_text] <h6 style=\"text-align: center;\"><strong>Max Coelho\u00a0<\/strong><br \/>\nDiretor<\/h6> [\/vc_column_text]<\/div><div class=\"columns1_3 sc_column_item sc_column_item_2 even\">[vc_column_text] <h6 style=\"text-align: center;\"><strong>Clodoaldo Francisco\u00a0<\/strong><br \/>\nGerente<\/h6> [\/vc_column_text]<\/div><div class=\"columns1_3 sc_column_item sc_column_item_3 odd\">[vc_column_text] <h6 style=\"text-align: center;\"><strong>Andreia Borges\u00a0<\/strong><br \/>\nGerente Administrativo<\/h6> [\/vc_column_text]<\/div><\/div><\/div><\/div>[\/vc_column][\/vc_row][vc_row][vc_column]<a name=\"toc_solucoes\" id=\"toc_solucoes\" class=\"sc_anchor\" title=\"\" data-description=\"\" data-icon=\"none\" data-url=\"#toc_solucoes\" data-separator=\"no\"><\/a><div class=\"sc_content main\" style=\"margin-top:95px !important;margin-bottom:5px !important;\"><h2 class=\"sc_title sc_title_regular\" style=\"text-align:left;\"> <p style=\"text-align: center;\">PRODUTOS E SERVI\u00c7OS <\/h2>[vc_column_text] <h3 style=\"text-align: center;\">Especializada na distribui\u00e7\u00e3o e instala\u00e7\u00e3o de produtos equipamentos e suprimentos para o setor p\u00fablico e privado, tais como:<\/h3> [\/vc_column_text]<div class=\"sc_section\" style=\"margin-bottom:50px !important;font-size:12px\"><div class=\"columnsWrap sc_columns sc_columns_count_4\"><div class=\"columns1_4 sc_column_item sc_column_item_1 odd first\">[vc_column_text] <h6 style=\"text-align: center;\"><a href=\"http:\/\/grupogmx.com.br\/grupogmx\/wp-content\/uploads\/2015\/11\/01_eletro.png\"><img loading=\"lazy\" class=\"aligncenter size-full wp-image-4015\" src=\"http:\/\/grupogmx.com.br\/grupogmx\/wp-content\/uploads\/2015\/11\/01_eletro.png\" alt=\"01_eletro\" width=\"73\" height=\"73\" \/><\/a>ELETRO<br \/>\nAr Condicionado Equipamentos el\u00e9tricos e eletr\u00f4nicos,<\/h6> [\/vc_column_text]<\/div><div class=\"columns1_4 sc_column_item sc_column_item_2 even\">[vc_column_text] <h6 style=\"text-align: center;\"><a href=\"http:\/\/grupogmx.com.br\/grupogmx\/wp-content\/uploads\/2015\/11\/02_moda.png\"><img loading=\"lazy\" class=\"aligncenter size-full wp-image-4016\" src=\"http:\/\/grupogmx.com.br\/grupogmx\/wp-content\/uploads\/2015\/11\/02_moda.png\" alt=\"02_moda\" width=\"73\" height=\"73\" \/><\/a>MODA<br \/>\nArtigos de vestu\u00e1rios,<br \/>\nArtigos esportivos,<\/h6> [\/vc_column_text]<\/div><div class=\"columns1_4 sc_column_item sc_column_item_3 odd\">[vc_column_text] <h6 style=\"text-align: center;\"><a href=\"http:\/\/grupogmx.com.br\/grupogmx\/wp-content\/uploads\/2015\/11\/03_saude.png\"><img loading=\"lazy\" class=\"aligncenter size-full wp-image-4017\" src=\"http:\/\/grupogmx.com.br\/grupogmx\/wp-content\/uploads\/2015\/11\/03_saude.png\" alt=\"03_saude\" width=\"73\" height=\"73\" \/><\/a>SA\u00daDE<br \/>\nEquipamentos hospitalares,<br \/>\nMateriais hospitalares<\/h6> [\/vc_column_text]<\/div><div class=\"columns1_4 sc_column_item sc_column_item_4 even\">[vc_column_text] <h6 style=\"text-align: center;\"><a href=\"http:\/\/grupogmx.com.br\/grupogmx\/wp-content\/uploads\/2015\/11\/04_protecao.png\"><img loading=\"lazy\" class=\"aligncenter size-full wp-image-4018\" src=\"http:\/\/grupogmx.com.br\/grupogmx\/wp-content\/uploads\/2015\/11\/04_protecao.png\" alt=\"04_protecao\" width=\"73\" height=\"73\" \/><\/a>PROTE\u00c7\u00c3O<br \/>\nEquipamento de EPI,<br \/>\nCapacetes, \u00f3culos, etc.<\/h6> [\/vc_column_text]<\/div><\/div><div class=\"columnsWrap sc_columns sc_columns_count_4\"><div class=\"columns1_4 sc_column_item sc_column_item_1 odd first\">[vc_column_text] <h6 style=\"text-align: center;\"><a href=\"http:\/\/grupogmx.com.br\/grupogmx\/wp-content\/uploads\/2015\/11\/05_automotivo.png\"><img loading=\"lazy\" class=\"aligncenter size-full wp-image-4020\" src=\"http:\/\/grupogmx.com.br\/grupogmx\/wp-content\/uploads\/2015\/11\/05_automotivo.png\" alt=\"05_automotivo\" width=\"73\" height=\"73\" \/><\/a>AUTOMOTIVO<br \/>\nAutom\u00f3veis e pneus,<br \/>\nAcess\u00f3rios automotivos<\/h6> [\/vc_column_text]<\/div><div class=\"columns1_4 sc_column_item sc_column_item_2 even\">[vc_column_text] <h6 style=\"text-align: center;\"><a href=\"http:\/\/grupogmx.com.br\/grupogmx\/wp-content\/uploads\/2015\/11\/06_mobiliario.png\"><img loading=\"lazy\" class=\"aligncenter size-full wp-image-4021\" src=\"http:\/\/grupogmx.com.br\/grupogmx\/wp-content\/uploads\/2015\/11\/06_mobiliario.png\" alt=\"06_mobiliario\" width=\"73\" height=\"73\" \/><\/a>MOBILI\u00c1RIO<br \/>\nMobili\u00e1rio corporativo,<br \/>\nAcess\u00f3rios de escrit\u00f3rio<\/h6> [\/vc_column_text]<\/div><div class=\"columns1_4 sc_column_item sc_column_item_3 odd\">[vc_column_text] <h6 style=\"text-align: center;\"><a href=\"http:\/\/grupogmx.com.br\/grupogmx\/wp-content\/uploads\/2015\/11\/07_informatica.png\"><img loading=\"lazy\" class=\"aligncenter size-full wp-image-4022\" src=\"http:\/\/grupogmx.com.br\/grupogmx\/wp-content\/uploads\/2015\/11\/07_informatica.png\" alt=\"07_informatica\" width=\"73\" height=\"73\" \/><\/a>INFORMATICA<br \/>\nHardware \/ Software<br \/>\nEquipamentos e suprimentos de inform\u00e1tica,<\/h6> [\/vc_column_text]<\/div><div class=\"columns1_4 sc_column_item sc_column_item_4 even\">[vc_column_text] <h6 style=\"text-align: center;\"><a href=\"http:\/\/grupogmx.com.br\/grupogmx\/wp-content\/uploads\/2015\/11\/08_suprimentos.png\"><img loading=\"lazy\" class=\"aligncenter size-full wp-image-4023\" src=\"http:\/\/grupogmx.com.br\/grupogmx\/wp-content\/uploads\/2015\/11\/08_suprimentos.png\" alt=\"08_suprimentos\" width=\"73\" height=\"73\" \/><\/a>SUPRIMENTOS \/ INFORMATICA<br \/>\nToners, Cartuchos<br \/>\nPen drive, Modem, mouse<\/h6> [\/vc_column_text]<\/div><\/div><div class=\"columnsWrap sc_columns sc_columns_count_4\"><div class=\"columns1_4 sc_column_item sc_column_item_1 odd first\">[vc_column_text] <h6 style=\"text-align: center;\"><a href=\"http:\/\/grupogmx.com.br\/grupogmx\/wp-content\/uploads\/2015\/11\/09_materiais.png\"><img loading=\"lazy\" class=\"aligncenter size-full wp-image-4024\" src=\"http:\/\/grupogmx.com.br\/grupogmx\/wp-content\/uploads\/2015\/11\/09_materiais.png\" alt=\"09_materiais\" width=\"73\" height=\"73\" \/><\/a>MATERIAIS DE CONSTRU\u00c7\u00c3O<br \/>\nMaterial el\u00e9trico<br \/>\nMaterial hidr\u00e1ulico<\/h6> [\/vc_column_text]<\/div><div class=\"columns1_4 sc_column_item sc_column_item_2 even\">[vc_column_text] <h6 style=\"text-align: center;\"><a href=\"http:\/\/grupogmx.com.br\/grupogmx\/wp-content\/uploads\/2015\/11\/10_varejo.png\"><img loading=\"lazy\" class=\"aligncenter size-full wp-image-4025\" src=\"http:\/\/grupogmx.com.br\/grupogmx\/wp-content\/uploads\/2015\/11\/10_varejo.png\" alt=\"10_varejo\" width=\"73\" height=\"73\" \/><\/a>VAREJO \/ ALIMENTOS<br \/>\nArmaz\u00e9m \/ Secos e molhados&lt;br&gt;Artigos escolares e escrit\u00f3rio<\/h6> [\/vc_column_text]<\/div><div class=\"columns1_4 sc_column_item sc_column_item_3 odd\">[vc_column_text] <h6 style=\"text-align: center;\"><a href=\"http:\/\/grupogmx.com.br\/grupogmx\/wp-content\/uploads\/2015\/11\/11_infantil.png\"><img loading=\"lazy\" class=\"aligncenter size-full wp-image-4026\" src=\"http:\/\/grupogmx.com.br\/grupogmx\/wp-content\/uploads\/2015\/11\/11_infantil.png\" alt=\"11_infantil\" width=\"73\" height=\"73\" \/><\/a>INFANTIL<br \/>\nBrinquedos<br \/>\nBrinquedos infl\u00e1veis<\/h6> [\/vc_column_text]<\/div><div class=\"columns1_4 sc_column_item sc_column_item_4 even\">[vc_column_text] <h6 style=\"text-align: center;\"><a href=\"http:\/\/grupogmx.com.br\/grupogmx\/wp-content\/uploads\/2015\/11\/12_servicos.png\"><img loading=\"lazy\" class=\"aligncenter size-full wp-image-4027\" src=\"http:\/\/grupogmx.com.br\/grupogmx\/wp-content\/uploads\/2015\/11\/12_servicos.png\" alt=\"12_servicos\" width=\"73\" height=\"73\" \/><\/a>SERVI\u00c7OS<br \/>\nInstala\u00e7\u00f5es de equipamentos em geral,\u00a0Montagem de equipamentos em geral,\u00a0Montagem de m\u00f3veis em geral.<\/h6> [\/vc_column_text]<\/div><\/div><\/div><\/div><div class=\"sc_content main\" style=\"margin-top:30px !important;margin-bottom:50px !important;\"><h2 class=\"sc_title sc_title_regular\" style=\"text-align:left;\"> <p style=\"text-align: center;\">AS MELHORES MARCAS E PRODUTOS <\/h2><div class=\"columnsWrap sc_columns sc_columns_count_5\"><div class=\"columns1_5 sc_column_item sc_column_item_1 odd first\">[vc_column_text]<img loading=\"lazy\" class=\"aligncenter size-full wp-image-4263\" src=\"http:\/\/grupogmx.com.br\/grupogmx\/wp-content\/uploads\/2015\/11\/ARNO.jpg\" alt=\"ARNO\" width=\"120\" height=\"62\" \/>[\/vc_column_text]<\/div><div class=\"columns1_5 sc_column_item sc_column_item_2 even\">[vc_column_text]<img loading=\"lazy\" class=\"aligncenter wp-image-4264 size-full\" src=\"http:\/\/grupogmx.com.br\/grupogmx\/wp-content\/uploads\/2015\/11\/BRASTEM.jpg\" alt=\"\" width=\"120\" height=\"62\" \/>[\/vc_column_text]<\/div><div class=\"columns1_5 sc_column_item sc_column_item_3 odd\">[vc_column_text]<img loading=\"lazy\" class=\"aligncenter wp-image-4265 size-full\" src=\"http:\/\/grupogmx.com.br\/grupogmx\/wp-content\/uploads\/2015\/11\/BRITANIA.jpg\" alt=\"\" width=\"120\" height=\"62\" \/>[\/vc_column_text]<\/div><div class=\"columns1_5 sc_column_item sc_column_item_4 even\">[vc_column_text]<img loading=\"lazy\" class=\"aligncenter wp-image-4266 size-full\" src=\"http:\/\/grupogmx.com.br\/grupogmx\/wp-content\/uploads\/2015\/11\/CONSUL.jpg\" alt=\"\" width=\"120\" height=\"62\" \/>[\/vc_column_text]<\/div><div class=\"columns1_5 sc_column_item sc_column_item_5 odd\">[vc_column_text]<img loading=\"lazy\" class=\"aligncenter wp-image-4267 size-full\" src=\"http:\/\/grupogmx.com.br\/grupogmx\/wp-content\/uploads\/2015\/11\/ELECTROLUX.jpg\" alt=\"\" width=\"120\" height=\"62\" \/>[\/vc_column_text]<\/div><\/div><div class=\"columnsWrap sc_columns sc_columns_count_5\"><div class=\"columns1_5 sc_column_item sc_column_item_1 odd first\">[vc_column_text]<img loading=\"lazy\" class=\"aligncenter wp-image-4268 size-full\" src=\"http:\/\/grupogmx.com.br\/grupogmx\/wp-content\/uploads\/2015\/11\/marca17.png\" alt=\"\" width=\"120\" height=\"62\" \/>[\/vc_column_text]<\/div><div class=\"columns1_5 sc_column_item sc_column_item_2 even\">[vc_column_text]<img loading=\"lazy\" class=\"aligncenter wp-image-4269 size-full\" src=\"http:\/\/grupogmx.com.br\/grupogmx\/wp-content\/uploads\/2015\/11\/marca18.png\" alt=\"\" width=\"120\" height=\"62\" \/>[\/vc_column_text]<\/div><div class=\"columns1_5 sc_column_item sc_column_item_3 odd\">[vc_column_text]<img loading=\"lazy\" class=\"aligncenter wp-image-4270 size-full\" src=\"http:\/\/grupogmx.com.br\/grupogmx\/wp-content\/uploads\/2015\/11\/NOKIA.jpg\" alt=\"\" width=\"120\" height=\"62\" \/>[\/vc_column_text]<\/div><div class=\"columns1_5 sc_column_item sc_column_item_4 even\">[vc_column_text]<img loading=\"lazy\" class=\"aligncenter wp-image-4271 size-full\" src=\"http:\/\/grupogmx.com.br\/grupogmx\/wp-content\/uploads\/2015\/11\/PANASONIC.jpg\" alt=\"\" width=\"120\" height=\"62\" \/>[\/vc_column_text]<\/div><div class=\"columns1_5 sc_column_item sc_column_item_5 odd\">[vc_column_text]<img loading=\"lazy\" class=\"aligncenter wp-image-4272 size-full\" src=\"http:\/\/grupogmx.com.br\/grupogmx\/wp-content\/uploads\/2015\/11\/WALITA.jpg\" alt=\"\" width=\"120\" height=\"62\" \/>[\/vc_column_text]<\/div><\/div>[vc_column_text] <h6 style=\"text-align: right;\">Todas as marcas aqui expostas s\u00e3o registradas (\u00ae) e pertencem a seus respectivos propriet\u00e1rios.<\/h6> [\/vc_column_text]<\/div>[\/vc_column][\/vc_row][vc_row][vc_column]<a name=\"localizacao\" id=\"localizacao\" class=\"sc_anchor\" title=\"\" data-description=\"\" data-icon=\"none\" data-url=\"#localizacao\" data-separator=\"no\"><\/a><div class=\"sc_content main\" style=\"margin-bottom:20px !important;\"><h2 class=\"sc_title sc_title_regular\" style=\"text-align:center;\">LOCALIZA\u00c7\u00c3O<\/h2><\/div>[vc_raw_html]JTNDaWZyYW1lJTIwc3JjJTNEJTIyaHR0cHMlM0ElMkYlMkZ3d3cuZ29vZ2xlLmNvbSUyRm1hcHMlMkZlbWJlZCUzRnBiJTNEJTIxMW0xOCUyMTFtMTIlMjExbTMlMjExZDE2MDYuNjM0NzUzNzM3MTUwNSUyMTJkLTQ5LjMxOTI2MTcyMzc1OTM3NSUyMTNkLTE2LjcxNDcyNDgxNDU3Mzk0JTIxMm0zJTIxMWYwJTIxMmYwJTIxM2YwJTIxM20yJTIxMWkxMDI0JTIxMmk3NjglMjE0ZjEzLjElMjEzbTMlMjExbTIlMjExczB4MCUyNTNBMHgwJTIxMnpNVGJDc0RReUp6VXlMamtpVXlBME9jS3dNVGtuTURjdU5TSlglMjE1ZTAlMjEzbTIlMjExc3B0LUJSJTIxMnNiciUyMTR2MTU0NDMwMzU5NDYzMiUyMiUyMGZyYW1lYm9yZGVyJTNEJTIyMCUyMiUyMHN0eWxlJTNEJTIyYm9yZGVyJTNBMCUzQndpZHRoJTNBMTAwJTI1JTNCJTIwaGVpZ2h0JTNBNDAwcHglMjIlMjAlM0UlM0MlMkZpZnJhbWUlM0U=[\/vc_raw_html][\/vc_column][\/vc_row][vc_row][vc_column]<a name=\"fale_conosco\" id=\"fale_conosco\" class=\"sc_anchor\" title=\"\" data-description=\"\" data-icon=\"none\" data-url=\"#fale_conosco\" data-separator=\"no\"><\/a><h2 class=\"sc_title sc_title_regular\" style=\"margin-top:95px;text-align:center;\">FALE CONOSCO<\/h2>[\/vc_column][\/vc_row][vc_row][vc_column width=&#8221;2\/3&#8243;]<div class=\"sc_section dark\" style=\"margin-left:60px !important;color:#ffffff;background-color:#ffffff;\"><div  id=\"sc_contact_form_107404866_contact_1\" class=\"sc_contact_form sc_contact_form_contact_1\"><form id=\"sc_contact_form_107404866\" data-formtype=\"contact_1\" method=\"post\" action=\"\"><div class=\"columnsWrap\"><div class=\"columns1_2\"><input id=\"sc_contact_form_username\" type=\"text\" name=\"username\" placeholder=\"Nome\"><\/div><div class=\"columns1_2\"><input id=\"sc_contact_form_email\" type=\"text\" name=\"email\" placeholder=\"E-mail\"><\/div><div class=\"columns1\"><input id=\"sc_contact_form_subj\" type=\"text\" name=\"subject\" placeholder=\"Assunto\"><\/div><\/div><div class=\"message\"><textarea id=\"sc_contact_form_message\" class=\"textAreaSize\" name=\"message\" placeholder=\"Mensagem\"><\/textarea><\/div><div class=\"sc_contact_form_button\"><div class=\"squareButton sc_button_size_huge sc_button_style_global global huge\"><a href=\"#\" class=\"sc_contact_form_submit\">Enviar<\/a><\/div><\/div><div class=\"result sc_infobox\"><\/div><\/form><\/div><\/div>[vc_column_text][\/vc_column_text][\/vc_column][vc_column width=&#8221;1\/3&#8243;]<div class=\"sc_section\" style=\"margin-top:60px !important;margin-left:30px !important;\"><h3 class=\"sc_title sc_title_regular\" style=\"text-align:left;\">ENTRE EM CONTATO<\/h3>[vc_column_text]62 3093.3828<br \/>\nAv. Cesar Lattes, 131, Novo Horizonte<br \/>\nCEP 74.363-400 | Goi\u00e2nia \u2013 GO[\/vc_column_text]<\/div>[\/vc_column][\/vc_row][vc_row][vc_column][vc_column_text] [\/vc_column_text][\/vc_column][\/vc_row][vc_row css=&#8221;.vc_custom_1512593578594{background-color: #f2f2e2 !important;}&#8221;][vc_column]<div class=\"sc_section\" style=\"background-color:#f2f2e2;color:#ffffff\"><div class=\"sc_content main\" style=\"margin-top:50px !important;\"><div class=\"columnsWrap sc_columns sc_columns_count_1\"><div class=\"columns1_1 sc_column_item sc_column_item_1 odd first\" style=\"text-align:center;;\">[vc_column_text]<img loading=\"lazy\" class=\"aligncenter size-full wp-image-4614\" src=\"http:\/\/grupogmx.com.br\/grupogmx\/wp-content\/uploads\/2015\/11\/gmx-produtos.png\" alt=\"\" width=\"157\" height=\"99\" \/>[\/vc_column_text]<\/div><\/div><div class=\"columnsWrap sc_columns sc_columns_count_2\"><div class=\"columns1_2 sc_column_item sc_column_item_1 odd first\">[vc_column_text] <p style=\"text-align: right;\"><span style=\"color: #030303;\">Av. Cesar Lattes, 131, Novo Horizonte<br \/>\nCEP 74.363-400 | Goi\u00e2nia \u2013 GO<br \/>\n<\/span> [\/vc_column_text]<\/div><div class=\"columns1_2 sc_column_item sc_column_item_2 even\">[vc_column_text]<span style=\"color: #030303;\">62 3093.3828<br \/>\ncontato@grupogmx.com.br<\/span>[\/vc_column_text]<\/div><\/div><\/div><\/div>[\/vc_column][\/vc_row] ","protected":false},"excerpt":{"rendered":" [vc_row][vc_column][\/vc_column][\/vc_row][vc_row][vc_column][\/vc_column][\/vc_row][vc_row][vc_column][vc_raw_html]JTNDaWZyYW1lJTIwc3JjJTNEJTIyaHR0cHMlM0ElMkYlMkZ3d3cuZ29vZ2xlLmNvbSUyRm1hcHMlMkZlbWJlZCUzRnBiJTNEJTIxMW0xOCUyMTFtMTIlMjExbTMlMjExZDE2MDYuNjM0NzUzNzM3MTUwNSUyMTJkLTQ5LjMxOTI2MTcyMzc1OTM3NSUyMTNkLTE2LjcxNDcyNDgxNDU3Mzk0JTIxMm0zJTIxMWYwJTIxMmYwJTIxM2YwJTIxM20yJTIxMWkxMDI0JTIxMmk3NjglMjE0ZjEzLjElMjEzbTMlMjExbTIlMjExczB4MCUyNTNBMHgwJTIxMnpNVGJDc0RReUp6VXlMamtpVXlBME9jS3dNVGtuTURjdU5TSlglMjE1ZTAlMjEzbTIlMjExc3B0LUJSJTIxMnNiciUyMTR2MTU0NDMwMzU5NDYzMiUyMiUyMGZyYW1lYm9yZGVyJTNEJTIyMCUyMiUyMHN0eWxlJTNEJTIyYm9yZGVyJTNBMCUzQndpZHRoJTNBMTAwJTI1JTNCJTIwaGVpZ2h0JTNBNDAwcHglMjIlMjAlM0UlM0MlMkZpZnJhbWUlM0U=[\/vc_raw_html][\/vc_column][\/vc_row][vc_row][vc_column][\/vc_column][\/vc_row][vc_row][vc_column width=&#8221;2\/3&#8243;][vc_column_text][\/vc_column_text][\/vc_column][vc_column width=&#8221;1\/3&#8243;][\/vc_column][\/vc_row][vc_row][vc_column][vc_column_text] [\/vc_column_text][\/vc_column][\/vc_row][vc_row css=&#8221;.vc_custom_1512593578594{background-color: #f2f2e2 !important;}&#8221;][vc_column][\/vc_column][\/vc_row] ","protected":false},"author":1,"featured_media":0,"parent":0,"menu_order":0,"comment_status":"closed","ping_status":"closed","template":"","meta":[],"_links":{"self":[{"href":"http:\/\/grupogmx.com.br\/grupogmx\/index.php\/wp-json\/wp\/v2\/pages\/3563"}],"collection":[{"href":"http:\/\/grupogmx.com.br\/grupogmx\/index.php\/wp-json\/wp\/v2\/pages"}],"about":[{"href":"http:\/\/grupogmx.com.br\/grupogmx\/index.php\/wp-json\/wp\/v2\/types\/page"}],"author":[{"embeddable":true,"href":"http:\/\/grupogmx.com.br\/grupogmx\/index.php\/wp-json\/wp\/v2\/users\/1"}],"replies":[{"embeddable":true,"href":"http:\/\/grupogmx.com.br\/grupogmx\/index.php\/wp-json\/wp\/v2\/comments?post=3563"}],"version-history":[{"count":91,"href":"http:\/\/grupogmx.com.br\/grupogmx\/index.php\/wp-json\/wp\/v2\/pages\/3563\/revisions"}],"predecessor-version":[{"id":4725,"href":"http:\/\/grupogmx.com.br\/grupogmx\/index.php\/wp-json\/wp\/v2\/pages\/3563\/revisions\/4725"}],"wp:attachment":[{"href":"http:\/\/grupogmx.com.br\/grupogmx\/index.php\/wp-json\/wp\/v2\/media?parent=3563"}],"curies":[{"name":"wp","href":"https:\/\/api.w.org\/{rel}","templated":true}]}}