{"id":3576,"date":"2015-11-25T00:47:35","date_gmt":"2015-11-25T00:47:35","guid":{"rendered":"http:\/\/grupogmx.com.br\/site\/?page_id=3576"},"modified":"2022-01-17T21:58:24","modified_gmt":"2022-01-17T21:58:24","slug":"grupo-costa-brava","status":"publish","type":"page","link":"http:\/\/grupogmx.com.br\/grupogmx\/index.php\/grupo-costa-brava\/","title":{"rendered":"GRUPO COSTA BRAVA"},"content":{"rendered":" [vc_row][vc_column]<a name=\"toc_institucional\" id=\"toc_institucional\" class=\"sc_anchor\" title=\"\" data-description=\"\" data-icon=\"none\" data-url=\"#toc_institucional\" data-separator=\"no\"><\/a><div class=\"sc_section\" style=\"color:#7d7d74;background-color:#f2f2e2;\"><div class=\"sc_content main\"><h2 class=\"sc_title sc_title_regular\" style=\"margin-top:100px;margin-bottom:10px;text-align:center;color:#8a8a7b;font-weight:400;\">GRUPO COSTA BRAVA<\/h2>[vc_column_text] <h6 style=\"text-align: center;\">O Grupo Costa Brava come\u00e7ou a escrever sua hist\u00f3ria h\u00e1 40 anos, tendo como alicerce a inova\u00e7\u00e3o, qualidade e efici\u00eancia. Especializados em projetos e constru\u00e7\u00f5es de m\u00e9dio e grande porte tais como terraplenagem e pavimenta\u00e7\u00e3o de rodovias e avenidas urbanas, aeroportos, pontes, ferrovias, drenagem e galerias pluviais.<\/h6>\n<h6 style=\"text-align: center;\">O Grupo Costa Brava \u00e9 formada por tr\u00eas empresas: Solobras, Saterbras e Costa Brava e \u00e9 parceira do <a style=\"text-decoration: none;\" href=\"http:\/\/grupogmx.com.br\/\">Grupo GMX<\/a>.<\/h6> [\/vc_column_text]<div class=\"columnsWrap sc_columns sc_columns_count_5\" style=\"margin-top:30px;margin-bottom:50px;\"><div class=\"columns1_5 sc_column_item sc_column_item_1 odd first\"><\/div><div class=\"columns1_5 sc_column_item sc_column_item_2 even\"><figure class=\"sc_image  sc_image_shape_square img-empresas\"><img src=\"http:\/\/grupogmx.com.br\/grupogmx\/wp-content\/uploads\/2015\/11\/costabrava_0111.png\" alt=\"\" \/><\/figure><\/div><div class=\"columns1_5 sc_column_item sc_column_item_3 odd\"><figure class=\"sc_image  sc_image_shape_square img-empresas\"><img src=\"http:\/\/grupogmx.com.br\/grupogmx\/wp-content\/uploads\/2015\/11\/costabrava_0211.png\" alt=\"\" \/><\/figure><\/div><div class=\"columns1_5 sc_column_item sc_column_item_4 even\"><figure class=\"sc_image  sc_image_shape_square img-empresas\"><img src=\"http:\/\/grupogmx.com.br\/grupogmx\/wp-content\/uploads\/2015\/11\/costabrava_03.png\" alt=\"\" \/><\/figure><\/div><div class=\"columns1_5 sc_column_item sc_column_item_5 odd\"><\/div><\/div><div class=\"columnsWrap sc_columns sc_columns_count_2\" style=\"margin-bottom:50px;\"><div class=\"columns1_2 sc_column_item sc_column_item_1 odd first\">[vc_column_text] <p style=\"text-align: center;\"><span style=\"font-size: x-large;\"><strong>Miss\u00e3o<\/strong><\/span><\/p>\n<h6 style=\"text-align: center;\">Oferecer solu\u00e7\u00f5es integradas para projetos e constru\u00e7\u00f5es de m\u00e9dio e grande porte que promovam o desenvolvimento sustent\u00e1vel e s\u00f3cio-econ\u00f4mico nos estados onde atuamos, gerando valor aos acionistas, clientes, colaboradores e \u00e0 sociedade.<\/h6> [\/vc_column_text]<\/div><div class=\"columns1_2 sc_column_item sc_column_item_2 even\">[vc_column_text] <p style=\"text-align: center;\"><span style=\"font-size: x-large;\"><strong>Vis\u00e3o<\/strong><\/span><\/p>\n<h6 style=\"text-align: center;\">Ser refer\u00eancia pela inova\u00e7\u00e3o, qualidade e efici\u00eancia na execu\u00e7\u00e3o de projetos e constru\u00e7\u00f5es de m\u00e9dio e grande porte para clientes, acionistas, colaboradores e sociedade, visando a rentabilidade e responsabilidade socioambiental.<\/h6> [\/vc_column_text]<\/div><\/div><h2 class=\"sc_title sc_title_regular\" style=\"margin-top:50px;margin-bottom:0px;text-align:center;color:#8a8a7b;font-weight:400;\">EQUIPE<\/h2><div class=\"columnsWrap sc_columns sc_columns_count_3\" style=\"margin-top:20px;margin-bottom:30px;\"><div class=\"columns1_3 sc_column_item sc_column_item_1 odd first\">[vc_column_text] <h6 style=\"text-align: center;\"><strong>Jos\u00e9 Luiz Celestino\u00a0<\/strong>Diretor<\/h6> [\/vc_column_text]<\/div><div class=\"columns1_3 sc_column_item sc_column_item_2 even\">[vc_column_text] <h6 style=\"text-align: center;\"><strong>Jos\u00e9 Americo Celestino\u00a0<\/strong>Diretor<\/h6> [\/vc_column_text]<\/div><div class=\"columns1_3 sc_column_item sc_column_item_3 odd\">[vc_column_text] <h6 style=\"text-align: center;\"><strong>Max Coelho\u00a0<\/strong>Diretor<\/h6> [\/vc_column_text]<\/div><\/div><\/div><\/div>[\/vc_column][\/vc_row][vc_row][vc_column]<a name=\"toc_solucoes\" id=\"toc_solucoes\" class=\"sc_anchor\" title=\"\" data-description=\"\" data-icon=\"none\" data-url=\"#toc_solucoes\" data-separator=\"no\"><\/a><div class=\"sc_content main\" style=\"margin-top:50px !important;margin-bottom:20px !important;\"><h2 class=\"sc_title sc_title_regular\" style=\"margin-bottom:0px;text-align:center;\">SOLU\u00c7\u00d5ES QUE \u00a0TRANSFORMAM<\/h2><h3 class=\"sc_title sc_title_regular\" style=\"margin-top:0px;text-align:center;\">Construindo um futuro melhor<\/h3>[vc_column_text] <p style=\"text-align: center;\">Seu hist\u00f3rico de realiza\u00e7\u00f5es abrange mais de: [\/vc_column_text]<div class=\"columnsWrap sc_columns sc_columns_count_3\"><div class=\"columns1_3 sc_column_item sc_column_item_1 odd first\">[vc_column_text] <h6>. 3.500.000 m\u00b3 de terraplenagem.<br \/>\n. 1.500.000 m\u00b2 de pavimenta\u00e7\u00e3o.<br \/>\n. 250.000 m de drenagem superficial,<br \/>\n. 36.000 m de galerias pluviais instaladas,<\/h6> [\/vc_column_text]<\/div><div class=\"columns1_3 sc_column_item sc_column_item_2 even\">[vc_column_text] <h6>. Mais de 15 aeroportos: Projetos e amplia\u00e7\u00e3o de pistas aeroportu\u00e1rias nos principais estados brasileiros (Brasilia DF, Goi\u00e2nia, S\u00e3o Paulo, Porto Alegre, Santa Maria RS, Aracaju, Teresina, Salvador, entre outros),<\/h6> [\/vc_column_text]<\/div><div class=\"columns1_3 sc_column_item sc_column_item_3 odd\">[vc_column_text] <h6>. Projeto final de engenharia para rodovias nos estados de: Sergipe, Distrito Federal, Tocantins, Goi\u00e1s e Mato Groso.<\/h6> [\/vc_column_text]<\/div><\/div><\/div><div class=\"sc_content main\" style=\"margin-top:50px !important;margin-bottom:30px !important;\"><h2 class=\"sc_title sc_title_regular\" style=\"margin-bottom:0px;text-align:center;\">Possu\u00edmos uma linha completa de maquin\u00e1rio e equipamentos<\/h2><h3 class=\"sc_title sc_title_regular\" style=\"margin-top:0px;text-align:center;\">para execu\u00e7\u00e3o de projetos de pequeno, m\u00e9dio e grade porte.<\/h3>[vc_column_text] <p style=\"text-align: center;\">Seu hist\u00f3rico de realiza\u00e7\u00f5es abrange mais de: [\/vc_column_text]<div class=\"columnsWrap sc_columns sc_columns_count_4\"><div class=\"columns1_4 sc_column_item sc_column_item_1 odd first\">[vc_column_text] <h6><img loading=\"lazy\" class=\"aligncenter wp-image-4742 size-full\" src=\"http:\/\/grupogmx.com.br\/grupogmx\/wp-content\/uploads\/2015\/11\/1motoniveladora.jpg\" alt=\"\" width=\"264\" height=\"160\" \/>. \u00a0Usina de asfalto tipo PMF;<br \/>\n. \u00a0Moto niveladoras;<br \/>\n. \u00a0Rolo-compactadores diversos;<\/h6> [\/vc_column_text]<\/div><div class=\"columns1_4 sc_column_item sc_column_item_2 even\">[vc_column_text] <h6><img loading=\"lazy\" class=\"aligncenter size-full wp-image-4735\" src=\"http:\/\/grupogmx.com.br\/grupogmx\/wp-content\/uploads\/2015\/11\/tratores.jpg\" alt=\"\" width=\"264\" height=\"160\" \/>. Tratores;<br \/>\n. Retroescavadeira;<br \/>\n. P\u00e1s-carregadeiras;<\/h6> [\/vc_column_text]<\/div><div class=\"columns1_4 sc_column_item sc_column_item_3 odd\">[vc_column_text] <h6><img loading=\"lazy\" class=\"aligncenter wp-image-4743 size-full\" src=\"http:\/\/grupogmx.com.br\/grupogmx\/wp-content\/uploads\/2015\/11\/3caminhao.jpg\" alt=\"\" width=\"264\" height=\"160\" \/>. \u00a0Caminh\u00f5es-pipa;<br \/>\n. \u00a0Comboios de combust\u00edvel;<br \/>\n. \u00a0Caminh\u00f5es basculantes;<\/h6> [\/vc_column_text]<\/div><div class=\"columns1_4 sc_column_item sc_column_item_4 even\">[vc_column_text] <h6><img loading=\"lazy\" class=\"aligncenter size-full wp-image-4738\" src=\"http:\/\/grupogmx.com.br\/grupogmx\/wp-content\/uploads\/2015\/11\/tratores04.jpg\" alt=\"\" width=\"264\" height=\"160\" \/>. Escavadeiras;<br \/>\n. Mini-carregadeiras<\/h6> [\/vc_column_text]<\/div><\/div><\/div>[\/vc_column][\/vc_row][vc_row][vc_column]<div class=\"sc_section\" style=\"margin-bottom:30px !important;color:#7d7d74;background-color:#f2f2e2;\"><div class=\"sc_content main\" style=\"margin-top:10px !important;margin-bottom:50px !important;\"><h2 class=\"sc_title sc_title_regular\" style=\"margin-top:100px;margin-bottom:0px;text-align:center;color:#8a8a7b;font-weight:400;\">TECNOLOGIA DO SOLO<\/h2>[vc_column_text css=&#8221;.vc_custom_1448541089393{margin-top: 0px !important;border-top-width: 0px !important;}&#8221;] <p style=\"text-align: center;\">Maior laborat\u00f3rio de controle Tecnol\u00f3gico de solo, asfalto e concreto do Centro Oeste [\/vc_column_text][vc_row_inner css=&#8221;.vc_custom_1448541408404{margin-bottom: 20px !important;border-bottom-width: 20px !important;}&#8221;][vc_column_inner width=&#8221;2\/3&#8243;]<figure class=\"sc_image  sc_image_shape_square\"><img src=\"http:\/\/grupogmx.com.br\/grupogmx\/wp-content\/uploads\/2015\/11\/laboratorio.jpg\" alt=\"\" \/><\/figure>[\/vc_column_inner][vc_column_inner width=&#8221;1\/3&#8243;][vc_column_text]Contamos com o maior laborat\u00f3rio de controle Tecnol\u00f3gico de solo, asfalto e concreto do Centro Oeste, com equipe especializada e equipamento pr\u00f3prios, assegurando a qualidade dos servi\u00e7os..[\/vc_column_text][\/vc_column_inner][\/vc_row_inner]<\/div><\/div>[\/vc_column][\/vc_row][vc_row][vc_column]<a name=\"localizacao\" id=\"localizacao\" class=\"sc_anchor\" title=\"\" data-description=\"\" data-icon=\"none\" data-url=\"#localizacao\" data-separator=\"no\"><\/a><div class=\"sc_content main\" style=\"margin-top:50px !important;margin-bottom:30px !important;\"><h2 class=\"sc_title sc_title_regular\" style=\"text-align:center;\">LOCALIZA\u00c7\u00c3O<\/h2><\/div>[vc_raw_html]JTNDaWZyYW1lJTIwc3JjJTNEJTIyaHR0cHMlM0ElMkYlMkZ3d3cuZ29vZ2xlLmNvbSUyRm1hcHMlMkZlbWJlZCUzRnBiJTNEJTIxMW0xOCUyMTFtMTIlMjExbTMlMjExZDU2Ny43NDYyMDM2MTQ3MzE2JTIxMmQtNDkuMjIzMjg3MDE4NDExNTU0JTIxM2QtMTYuODEwMTc2OTU5MzQzNzMlMjEybTMlMjExZjAlMjEyZjAlMjEzZjAlMjEzbTIlMjExaTEwMjQlMjEyaTc2OCUyMTRmMTMuMSUyMTNtMyUyMTFtMiUyMTFzMHgwJTI1M0EweDAlMjEyek1UYkNzRFE0SnpNMkxqSWlVeUEwT2NLd01UTW5Nakl1TlNKWCUyMTVlMCUyMTNtMiUyMTFzcHQtQlIlMjEyc2JyJTIxNHYxNTQ0MzA1NTQxNzE1JTIyJTIwZnJhbWVib3JkZXIlM0QlMjIwJTIyJTIwc3R5bGUlM0QlMjJib3JkZXIlM0EwJTNCJTIwd2lkdGglM0ExMDAlMjUlM0IlMjBoZWlnaHQlM0E0MDBweCUyMiUyMGFsbG93ZnVsbHNjcmVlbiUzRSUzQyUyRmlmcmFtZSUzRQ==[\/vc_raw_html][\/vc_column][\/vc_row][vc_row][vc_column]<a name=\"fale_conosco\" id=\"fale_conosco\" class=\"sc_anchor\" title=\"\" data-description=\"\" data-icon=\"none\" data-url=\"#fale_conosco\" data-separator=\"no\"><\/a><h2 class=\"sc_title sc_title_regular\" style=\"margin-top:95px;text-align:center;\">FALE CONOSCO<\/h2>[\/vc_column][\/vc_row][vc_row][vc_column width=&#8221;2\/3&#8243;]<div class=\"sc_section dark\" style=\"margin-bottom:50px !important;margin-left:60px !important;color:#ffffff;background-color:#ffffff;\"><div  id=\"sc_contact_form_1969726778_contact_1\" class=\"sc_contact_form sc_contact_form_contact_1\"><form id=\"sc_contact_form_1969726778\" data-formtype=\"contact_1\" method=\"post\" action=\"\"><div class=\"columnsWrap\"><div class=\"columns1_2\"><input id=\"sc_contact_form_username\" type=\"text\" name=\"username\" placeholder=\"Nome\"><\/div><div class=\"columns1_2\"><input id=\"sc_contact_form_email\" type=\"text\" name=\"email\" placeholder=\"E-mail\"><\/div><div class=\"columns1\"><input id=\"sc_contact_form_subj\" type=\"text\" name=\"subject\" placeholder=\"Assunto\"><\/div><\/div><div class=\"message\"><textarea id=\"sc_contact_form_message\" class=\"textAreaSize\" name=\"message\" placeholder=\"Mensagem\"><\/textarea><\/div><div class=\"sc_contact_form_button\"><div class=\"squareButton sc_button_size_huge sc_button_style_global global huge\"><a href=\"#\" class=\"sc_contact_form_submit\">Enviar<\/a><\/div><\/div><div class=\"result sc_infobox\"><\/div><\/form><\/div><\/div>[\/vc_column][vc_column width=&#8221;1\/3&#8243;]<div class=\"sc_section\" style=\"margin-top:60px !important;margin-left:30px !important;\"><h3 class=\"sc_title sc_title_regular\" style=\"text-align:left;\">ENTRE EM CONTATO<\/h3>[vc_column_text]62 3283.7068 | 3283.7178<br \/>\nAv. Goianazes, Qd 12, Lt 13\/22, Jd. Eldorado<br \/>\nCEP 74.993-100, Ap. de Goi\u00e2nia &#8211; GO<\/p>\n<p><a href=\"http:\/\/grupogmx.com.br\/grupogmx\/wp-content\/uploads\/2022\/01\/07-Manual-de-Conduta-etica.pdf\" target=\"_blank\" rel=\"noopener\"><img loading=\"lazy\" class=\"wp-image-4750 alignnone\" src=\"http:\/\/grupogmx.com.br\/grupogmx\/wp-content\/uploads\/2022\/01\/botao-conduta.png\" alt=\"\" width=\"261\" height=\"35\" srcset=\"http:\/\/grupogmx.com.br\/grupogmx\/wp-content\/uploads\/2022\/01\/botao-conduta.png 536w, http:\/\/grupogmx.com.br\/grupogmx\/wp-content\/uploads\/2022\/01\/botao-conduta-300x40.png 300w\" sizes=\"(max-width: 261px) 100vw, 261px\" \/><\/a><br \/>\n<a href=\"http:\/\/grupogmx.com.br\/grupogmx\/index.php\/canal-de-denuncia\/\"><img loading=\"lazy\" class=\"wp-image-4751 alignnone\" src=\"http:\/\/grupogmx.com.br\/grupogmx\/wp-content\/uploads\/2022\/01\/botao-denuncia.png\" alt=\"\" width=\"261\" height=\"35\" srcset=\"http:\/\/grupogmx.com.br\/grupogmx\/wp-content\/uploads\/2022\/01\/botao-denuncia.png 536w, http:\/\/grupogmx.com.br\/grupogmx\/wp-content\/uploads\/2022\/01\/botao-denuncia-300x40.png 300w\" sizes=\"(max-width: 261px) 100vw, 261px\" \/><\/a> [\/vc_column_text]<\/div>[\/vc_column][\/vc_row][vc_row][vc_column][vc_column_text][\/vc_column_text][\/vc_column][\/vc_row][vc_row css=&#8221;.vc_custom_1512593625197{background-color: #f2f2e2 !important;}&#8221;][vc_column]<div class=\"sc_section\" style=\"background-color:#f2f2e2;color:#ffffff\"><div class=\"sc_content main\" style=\"margin-top:50px !important;\"><div class=\"columnsWrap sc_columns sc_columns_count_1\"><div class=\"columns1_1 sc_column_item sc_column_item_1 odd first\" style=\"text-align:center;;\">[vc_column_text]<img loading=\"lazy\" class=\"aligncenter size-full wp-image-4616\" src=\"http:\/\/grupogmx.com.br\/grupogmx\/wp-content\/uploads\/2015\/11\/costa.png\" alt=\"\" width=\"245\" height=\"44\" \/>[\/vc_column_text]<\/div><\/div><div class=\"columnsWrap sc_columns sc_columns_count_2\"><div class=\"columns1_2 sc_column_item sc_column_item_1 odd first\">[vc_column_text] <p style=\"text-align: right;\"><span style=\"color: #030303;\">Av. Goianazes, Qd 12, Lt 13\/22, Jd. Eldorado<br \/>\nCEP 74.993-100, Ap. de Goi\u00e2nia \u2013 GO.<\/span> [\/vc_column_text]<\/div><div class=\"columns1_2 sc_column_item sc_column_item_2 even\">[vc_column_text]<span style=\"color: #030303;\">62 3283.7068 | 3283.7178<br \/>\ncbrava.go@gmail.com<\/span>[\/vc_column_text]<\/div><\/div><\/div><\/div>[\/vc_column][\/vc_row] ","protected":false},"excerpt":{"rendered":" [vc_row][vc_column][\/vc_column][\/vc_row][vc_row][vc_column][\/vc_column][\/vc_row][vc_row][vc_column][\/vc_column][\/vc_row][vc_row][vc_column][vc_raw_html]JTNDaWZyYW1lJTIwc3JjJTNEJTIyaHR0cHMlM0ElMkYlMkZ3d3cuZ29vZ2xlLmNvbSUyRm1hcHMlMkZlbWJlZCUzRnBiJTNEJTIxMW0xOCUyMTFtMTIlMjExbTMlMjExZDU2Ny43NDYyMDM2MTQ3MzE2JTIxMmQtNDkuMjIzMjg3MDE4NDExNTU0JTIxM2QtMTYuODEwMTc2OTU5MzQzNzMlMjEybTMlMjExZjAlMjEyZjAlMjEzZjAlMjEzbTIlMjExaTEwMjQlMjEyaTc2OCUyMTRmMTMuMSUyMTNtMyUyMTFtMiUyMTFzMHgwJTI1M0EweDAlMjEyek1UYkNzRFE0SnpNMkxqSWlVeUEwT2NLd01UTW5Nakl1TlNKWCUyMTVlMCUyMTNtMiUyMTFzcHQtQlIlMjEyc2JyJTIxNHYxNTQ0MzA1NTQxNzE1JTIyJTIwZnJhbWVib3JkZXIlM0QlMjIwJTIyJTIwc3R5bGUlM0QlMjJib3JkZXIlM0EwJTNCJTIwd2lkdGglM0ExMDAlMjUlM0IlMjBoZWlnaHQlM0E0MDBweCUyMiUyMGFsbG93ZnVsbHNjcmVlbiUzRSUzQyUyRmlmcmFtZSUzRQ==[\/vc_raw_html][\/vc_column][\/vc_row][vc_row][vc_column][\/vc_column][\/vc_row][vc_row][vc_column width=&#8221;2\/3&#8243;][\/vc_column][vc_column width=&#8221;1\/3&#8243;][\/vc_column][\/vc_row][vc_row][vc_column][vc_column_text][\/vc_column_text][\/vc_column][\/vc_row][vc_row css=&#8221;.vc_custom_1512593625197{background-color: #f2f2e2 !important;}&#8221;][vc_column][\/vc_column][\/vc_row] ","protected":false},"author":1,"featured_media":0,"parent":0,"menu_order":0,"comment_status":"closed","ping_status":"closed","template":"","meta":[],"_links":{"self":[{"href":"http:\/\/grupogmx.com.br\/grupogmx\/index.php\/wp-json\/wp\/v2\/pages\/3576"}],"collection":[{"href":"http:\/\/grupogmx.com.br\/grupogmx\/index.php\/wp-json\/wp\/v2\/pages"}],"about":[{"href":"http:\/\/grupogmx.com.br\/grupogmx\/index.php\/wp-json\/wp\/v2\/types\/page"}],"author":[{"embeddable":true,"href":"http:\/\/grupogmx.com.br\/grupogmx\/index.php\/wp-json\/wp\/v2\/users\/1"}],"replies":[{"embeddable":true,"href":"http:\/\/grupogmx.com.br\/grupogmx\/index.php\/wp-json\/wp\/v2\/comments?post=3576"}],"version-history":[{"count":85,"href":"http:\/\/grupogmx.com.br\/grupogmx\/index.php\/wp-json\/wp\/v2\/pages\/3576\/revisions"}],"predecessor-version":[{"id":4778,"href":"http:\/\/grupogmx.com.br\/grupogmx\/index.php\/wp-json\/wp\/v2\/pages\/3576\/revisions\/4778"}],"wp:attachment":[{"href":"http:\/\/grupogmx.com.br\/grupogmx\/index.php\/wp-json\/wp\/v2\/media?parent=3576"}],"curies":[{"name":"wp","href":"https:\/\/api.w.org\/{rel}","templated":true}]}}