{"id":3581,"date":"2015-11-25T01:01:09","date_gmt":"2015-11-25T01:01:09","guid":{"rendered":"http:\/\/grupogmx.com.br\/site\/?page_id=3581"},"modified":"2019-09-16T22:32:34","modified_gmt":"2019-09-16T22:32:34","slug":"cbma-construcoes","status":"publish","type":"page","link":"http:\/\/grupogmx.com.br\/grupogmx\/index.php\/cbma-construcoes\/","title":{"rendered":"CBMA CONSTRU\u00c7\u00d5ES E SOLU\u00c7\u00d5ES AMBIENTAIS"},"content":{"rendered":" [vc_row][vc_column]<a name=\"toc_institucional\" id=\"toc_institucional\" class=\"sc_anchor\" title=\"\" data-description=\"\" data-icon=\"none\" data-url=\"#toc_institucional\" data-separator=\"no\"><\/a><div class=\"sc_section\" style=\"color:#7d7d74;background-color:#f2f2e2;\"><div class=\"sc_content main\"><h2 class=\"sc_title sc_title_regular h1p\" style=\"margin-top:100px;margin-bottom:10px;text-align:center;color:#8a8a7b;font-weight:400;\">Infraestrutura, constru\u00e7\u00f5es e<br \/>\nsolu\u00e7\u00f5es ambientais<\/h2>[vc_column_text] <h6 style=\"text-align: center;\">Com mais de 40 anos de atua\u00e7\u00e3o, o Grupo desenvolve e executa projetos de diferentes portes e segmentos para o setor p\u00fablico e privado. Em busca da excel\u00eancia aliamos o conhecimento t\u00e9cnico da nossa equipe altamente qualificada com o que h\u00e1 de mais moderno em constru\u00e7\u00e3o e solu\u00e7\u00f5es ambientais.<\/h6>\n<h6 style=\"text-align: center;\">O Grupo GMX no segmento de Infraestrutura, constru\u00e7\u00f5es e solu\u00e7\u00f5es ambientais \u00e9 formada por tr\u00eas empresas: CBMA Solu\u00e7\u00f5es Ambientais, AMX Constru\u00e7\u00f5es e Costa Brava Infraestrutura<\/h6> [\/vc_column_text]<div class=\"columnsWrap sc_columns sc_columns_count_5\" style=\"margin-top:20px;\"><div class=\"columns1_5 sc_column_item sc_column_item_1 odd first\"><\/div><div class=\"columns1_5 sc_column_item sc_column_item_2 even\">[vc_column_text]<img loading=\"lazy\" class=\"aligncenter size-full wp-image-4545\" src=\"http:\/\/grupogmx.com.br\/grupogmx\/wp-content\/uploads\/2015\/11\/logo-cbma.png\" alt=\"\" width=\"112\" height=\"42\" \/>[\/vc_column_text]<\/div><div class=\"columns1_5 sc_column_item sc_column_item_3 odd\">[vc_column_text]<img loading=\"lazy\" class=\"aligncenter size-full wp-image-4544\" src=\"http:\/\/grupogmx.com.br\/grupogmx\/wp-content\/uploads\/2015\/11\/logo-amx.png\" alt=\"\" width=\"95\" height=\"44\" \/>[\/vc_column_text]<\/div><div class=\"columns1_5 sc_column_item sc_column_item_4 even\">[vc_column_text]<img loading=\"lazy\" class=\"aligncenter size-full wp-image-4546\" src=\"http:\/\/grupogmx.com.br\/grupogmx\/wp-content\/uploads\/2015\/11\/logo-costa.png\" alt=\"\" width=\"170\" height=\"31\" \/>[\/vc_column_text]<\/div><div class=\"columns1_5 sc_column_item sc_column_item_5 odd\"><\/div><\/div>[vc_empty_space height=&#8221;70px&#8221;]<div class=\"columnsWrap sc_columns sc_columns_count_2\"><div class=\"columns1_2 sc_column_item sc_column_item_1 odd first\">[vc_column_text] <p style=\"text-align: center;\"><span style=\"font-size: x-large;\"><strong>Miss\u00e3o<\/strong><\/span><\/p>\n<h6 style=\"text-align: center;\">Realizar projetos de diferentes portes e segmentos para o setor p\u00fablico e privado, que promovam o desenvolvimento sustent\u00e1vel, gerando valor aos acionistas, clientes, colaboradores e \u00e0 sociedade.<\/h6> [\/vc_column_text]<\/div><div class=\"columns1_2 sc_column_item sc_column_item_2 even\">[vc_column_text] <p style=\"text-align: center;\"><span style=\"font-size: x-large;\"><strong>Vis\u00e3o<\/strong><\/span><\/p>\n<h6 style=\"text-align: center;\">Ser uma empresa refer\u00eancia em engenharia e constru\u00e7\u00e3o para clientes, sociedade, colaboradores, fornecedores e investidores com inova\u00e7\u00e3o, qualidade e efici\u00eancia, gerando solu\u00e7\u00f5es e rentabilidade, com responsabilidade socioambiental.<\/h6> [\/vc_column_text]<\/div><\/div>[vc_empty_space height=&#8221;50px&#8221;]<\/div><\/div>[\/vc_column][\/vc_row][vc_row][vc_column]<div class=\"sc_content main\" style=\"margin-top:95px !important;margin-bottom:50px !important;\"><h2 class=\"sc_title sc_title_regular\" style=\"text-align:center;\">PRODUTOS E SERVI\u00c7OS<\/h2><div class=\"columnsWrap sc_columns sc_columns_count_3\"><div class=\"columns1_3 sc_column_item sc_column_item_1 odd first\">[vc_column_text] <p style=\"text-align: center;\"><img loading=\"lazy\" class=\"aligncenter size-full wp-image-4351\" src=\"http:\/\/grupogmx.com.br\/wp-content\/uploads\/2015\/11\/index01.jpg\" alt=\"index01\" width=\"348\" height=\"200\" srcset=\"http:\/\/grupogmx.com.br\/grupogmx\/wp-content\/uploads\/2015\/11\/index01.jpg 348w, http:\/\/grupogmx.com.br\/grupogmx\/wp-content\/uploads\/2015\/11\/index01-300x172.jpg 300w\" sizes=\"(max-width: 348px) 100vw, 348px\" \/>Loteamentos e urbaniza\u00e7\u00e3o [\/vc_column_text]<\/div><div class=\"columns1_3 sc_column_item sc_column_item_2 even\">[vc_column_text] <p style=\"text-align: center;\"><img loading=\"lazy\" class=\"aligncenter size-full wp-image-4346\" src=\"http:\/\/grupogmx.com.br\/wp-content\/uploads\/2015\/11\/index02.jpg\" alt=\"index02\" width=\"348\" height=\"200\" srcset=\"http:\/\/grupogmx.com.br\/grupogmx\/wp-content\/uploads\/2015\/11\/index02.jpg 348w, http:\/\/grupogmx.com.br\/grupogmx\/wp-content\/uploads\/2015\/11\/index02-300x172.jpg 300w\" sizes=\"(max-width: 348px) 100vw, 348px\" \/>Industrial e comercial [\/vc_column_text]<\/div><div class=\"columns1_3 sc_column_item sc_column_item_3 odd\">[vc_column_text] <p style=\"text-align: center;\"><img loading=\"lazy\" class=\"aligncenter size-full wp-image-4347\" src=\"http:\/\/grupogmx.com.br\/wp-content\/uploads\/2015\/11\/index03.jpg\" alt=\"index03\" width=\"348\" height=\"200\" srcset=\"http:\/\/grupogmx.com.br\/grupogmx\/wp-content\/uploads\/2015\/11\/index03.jpg 348w, http:\/\/grupogmx.com.br\/grupogmx\/wp-content\/uploads\/2015\/11\/index03-300x172.jpg 300w\" sizes=\"(max-width: 348px) 100vw, 348px\" \/>Loca\u00e7\u00e3o de maquin\u00e1rio [\/vc_column_text]<\/div><\/div><div class=\"columnsWrap sc_columns sc_columns_count_3\"><div class=\"columns1_3 sc_column_item sc_column_item_1 odd first\">[vc_column_text] <p style=\"text-align: center;\"><img loading=\"lazy\" class=\"aligncenter size-full wp-image-4348\" src=\"http:\/\/grupogmx.com.br\/wp-content\/uploads\/2015\/11\/index04.jpg\" alt=\"index04\" width=\"348\" height=\"200\" srcset=\"http:\/\/grupogmx.com.br\/grupogmx\/wp-content\/uploads\/2015\/11\/index04.jpg 348w, http:\/\/grupogmx.com.br\/grupogmx\/wp-content\/uploads\/2015\/11\/index04-300x172.jpg 300w\" sizes=\"(max-width: 348px) 100vw, 348px\" \/>Projetos p\u00fablicos e privados [\/vc_column_text]<\/div><div class=\"columns1_3 sc_column_item sc_column_item_2 even\">[vc_column_text] <p style=\"text-align: center;\"><img loading=\"lazy\" class=\"aligncenter size-full wp-image-4349\" src=\"http:\/\/grupogmx.com.br\/wp-content\/uploads\/2015\/11\/index05.jpg\" alt=\"index05\" width=\"348\" height=\"200\" srcset=\"http:\/\/grupogmx.com.br\/grupogmx\/wp-content\/uploads\/2015\/11\/index05.jpg 348w, http:\/\/grupogmx.com.br\/grupogmx\/wp-content\/uploads\/2015\/11\/index05-300x172.jpg 300w\" sizes=\"(max-width: 348px) 100vw, 348px\" \/>Tratamento de \u00e1gua e efluentes [\/vc_column_text]<\/div><div class=\"columns1_3 sc_column_item sc_column_item_3 odd\">[vc_column_text] <p style=\"text-align: center;\"><img loading=\"lazy\" class=\"aligncenter size-full wp-image-4350\" src=\"http:\/\/grupogmx.com.br\/wp-content\/uploads\/2015\/11\/index06.jpg\" alt=\"index06\" width=\"348\" height=\"200\" srcset=\"http:\/\/grupogmx.com.br\/grupogmx\/wp-content\/uploads\/2015\/11\/index06.jpg 348w, http:\/\/grupogmx.com.br\/grupogmx\/wp-content\/uploads\/2015\/11\/index06-300x172.jpg 300w\" sizes=\"(max-width: 348px) 100vw, 348px\" \/>Gera\u00e7\u00e3o de energia [\/vc_column_text]<\/div><\/div><\/div>[\/vc_column][\/vc_row][vc_row][vc_column]<a name=\"area_atuacao\" id=\"area_atuacao\" class=\"sc_anchor\" title=\"\" data-description=\"\" data-icon=\"none\" data-url=\"#area_atuacao\" data-separator=\"no\"><\/a>[\/vc_column][\/vc_row][vc_row css=&#8221;.vc_custom_1512593524866{background-color: #f2f2e2 !important;}&#8221;][vc_column]<div class=\"sc_section\" style=\"background-color:#f2f2e2;color:#ffffff\"><div class=\"sc_content main\" style=\"margin-top:50px !important;color:FFF\"><div class=\"columnsWrap sc_columns sc_columns_count_1\"><div class=\"columns1_1 sc_column_item sc_column_item_1 odd first\" style=\"text-align:center;;\">[vc_column_text css=&#8221;.vc_custom_1512592535711{padding-bottom: 0px !important;}&#8221;]<img loading=\"lazy\" class=\"aligncenter size-full wp-image-4615\" src=\"http:\/\/grupogmx.com.br\/grupogmx\/wp-content\/uploads\/2015\/11\/cbma.png\" alt=\"\" width=\"177\" height=\"65\" \/>[\/vc_column_text]<\/div><\/div><div class=\"columnsWrap sc_columns sc_columns_count_2\"><div class=\"columns1_2 sc_column_item sc_column_item_1 odd first\" style=\"text-align:right;;\">[vc_column_text] <p style=\"text-align: right;\"><span style=\"color: #030303;\">Av. Cesar Lattes, 131, Novo Horizonte<br \/>\nCEP 74.363-400 | Goi\u00e2nia \u2013 GO<br \/>\n<\/span> [\/vc_column_text]<\/div><div class=\"columns1_2 sc_column_item sc_column_item_2 even\" style=\"text-align:left;;\">[vc_column_text]<span style=\"color: #030303;\">62 3093.3828<br \/>\ncontato@cbmaconstrucoes.com.br<\/span>[\/vc_column_text]<\/div><\/div><\/div><\/div>[\/vc_column][\/vc_row] ","protected":false},"excerpt":{"rendered":" [vc_row][vc_column][\/vc_column][\/vc_row][vc_row][vc_column][\/vc_column][\/vc_row][vc_row][vc_column][\/vc_column][\/vc_row][vc_row css=&#8221;.vc_custom_1512593524866{background-color: #f2f2e2 !important;}&#8221;][vc_column][\/vc_column][\/vc_row] ","protected":false},"author":1,"featured_media":0,"parent":0,"menu_order":0,"comment_status":"closed","ping_status":"closed","template":"","meta":[],"_links":{"self":[{"href":"http:\/\/grupogmx.com.br\/grupogmx\/index.php\/wp-json\/wp\/v2\/pages\/3581"}],"collection":[{"href":"http:\/\/grupogmx.com.br\/grupogmx\/index.php\/wp-json\/wp\/v2\/pages"}],"about":[{"href":"http:\/\/grupogmx.com.br\/grupogmx\/index.php\/wp-json\/wp\/v2\/types\/page"}],"author":[{"embeddable":true,"href":"http:\/\/grupogmx.com.br\/grupogmx\/index.php\/wp-json\/wp\/v2\/users\/1"}],"replies":[{"embeddable":true,"href":"http:\/\/grupogmx.com.br\/grupogmx\/index.php\/wp-json\/wp\/v2\/comments?post=3581"}],"version-history":[{"count":52,"href":"http:\/\/grupogmx.com.br\/grupogmx\/index.php\/wp-json\/wp\/v2\/pages\/3581\/revisions"}],"predecessor-version":[{"id":4731,"href":"http:\/\/grupogmx.com.br\/grupogmx\/index.php\/wp-json\/wp\/v2\/pages\/3581\/revisions\/4731"}],"wp:attachment":[{"href":"http:\/\/grupogmx.com.br\/grupogmx\/index.php\/wp-json\/wp\/v2\/media?parent=3581"}],"curies":[{"name":"wp","href":"https:\/\/api.w.org\/{rel}","templated":true}]}}