{"id":3656,"date":"2015-11-26T12:44:51","date_gmt":"2015-11-26T12:44:51","guid":{"rendered":"http:\/\/grupogmx.com.br\/site\/?page_id=3656"},"modified":"2017-12-11T12:00:38","modified_gmt":"2017-12-11T12:00:38","slug":"quem-somos","status":"publish","type":"page","link":"http:\/\/grupogmx.com.br\/grupogmx\/index.php\/cbma-construcoes\/quem-somos\/","title":{"rendered":"Quem somos"},"content":{"rendered":" [vc_row][vc_column]<div class=\"sc_content main\" style=\"margin-top:50px !important;\"><h2 class=\"sc_title sc_title_regular\" style=\"text-align:left;\"> <p style=\"text-align: center;\">CBMA CONSTRU\u00c7\u00d5ES E SOLU\u00c7\u00d5ES AMBIENTAIS <\/h2>[vc_column_text] <h6>A CBMA Constru\u00e7\u00f5es e solu\u00e7\u00f5es ambientais faz parte do <a style=\"text-decoration: none;\" href=\"http:\/\/grupogmx.com.br\/\">Grupo GMX<\/a>, a empresa desenvolve e executa projetos de diferentes portes e segmentos para o setor p\u00fablico e privado. Em busca da excel\u00eancia aliamos o conhecimento t\u00e9cnico da nossa equipe altamente qualificada com o que h\u00e1 de mais moderno em constru\u00e7\u00e3o e solu\u00e7\u00f5es ambientais.<\/h6> [\/vc_column_text]<div class=\"columnsWrap sc_columns sc_columns_count_2\"><div class=\"columns1_2 sc_column_item sc_column_item_1 odd first\">[vc_column_text] <h6><strong>MISS\u00c3O.\u00a0<\/strong>Realizar projetos de diferentes portes e segmentos para o setor p\u00fablico e privado, que promovam o desenvolvimento sustent\u00e1vel, gerando valor aos acionistas, clientes, colaboradores e \u00e0 sociedade.<\/h6> [\/vc_column_text]<\/div><div class=\"columns1_2 sc_column_item sc_column_item_2 even\">[vc_column_text] <h6><strong>VIS\u00c3O.\u00a0<\/strong>Ser uma empresa refer\u00eancia em engenharia e constru\u00e7\u00e3o para clientes, sociedade, colaboradores, fornecedores e investidores com inova\u00e7\u00e3o, qualidade e efici\u00eancia, gerando solu\u00e7\u00f5es e rentabilidade, com responsabilidade socioambiental.<\/h6> [\/vc_column_text]<\/div><\/div><h2 class=\"sc_title sc_title_regular\" style=\"margin-top:50px;margin-bottom:20px;text-align:left;\"> <p style=\"text-align: center;\">EQUIPE <\/h2><div class=\"columnsWrap sc_columns sc_columns_count_4\"><div class=\"columns1_4 sc_column_item sc_column_item_1 odd first\">[vc_column_text] <h6 style=\"text-align: center;\"><strong>Max Coelho.\u00a0<\/strong><br \/>\nDiretor<\/h6> [\/vc_column_text]<\/div><div class=\"columns1_4 sc_column_item sc_column_item_2 even\">[vc_column_text] <h6 style=\"text-align: center;\"><strong>Evandro Maccari\u00a0<\/strong><br \/>\nDiretor<\/h6> [\/vc_column_text]<\/div><div class=\"columns1_4 sc_column_item sc_column_item_3 odd\">[vc_column_text] <h6 style=\"text-align: center;\"><strong>Albert Fraga\u00a0<\/strong><br \/>\nDiretor<\/h6> [\/vc_column_text]<\/div><div class=\"columns1_4 sc_column_item sc_column_item_4 even\">[vc_column_text] <h6 style=\"text-align: center;\"><strong>Andreia Borges\u00a0<\/strong><br \/>\nGerente Administrativo<\/h6> [\/vc_column_text]<\/div><\/div><\/div>[\/vc_column][\/vc_row][vc_row][vc_column][vc_column_text][\/vc_column_text][\/vc_column][\/vc_row][vc_row css=&#8221;.vc_custom_1512732703993{background-color: #f2f2e2 !important;}&#8221;][vc_column]<div class=\"sc_section\" style=\"color:#ffffff\"><div class=\"sc_content main\" style=\"margin-top:50px !important;color:FFF\"><div class=\"columnsWrap sc_columns sc_columns_count_1\"><div class=\"columns1_1 sc_column_item sc_column_item_1 odd first\" style=\"text-align:center;;\">[vc_column_text css=&#8221;.vc_custom_1512993631690{padding-bottom: 0px !important;}&#8221;]<img loading=\"lazy\" class=\"aligncenter size-full wp-image-4665\" src=\"http:\/\/grupogmx.com.br\/grupogmx\/wp-content\/uploads\/2015\/11\/marca_cbma_header_ws.png\" alt=\"\" width=\"158\" height=\"59\" \/><img loading=\"lazy\" class=\"aligncenter\" src=\"http:\/\/grupogmx.com.br\/wp-content\/uploads\/2015\/11\/marca_cbma_033-195x120.png\" alt=\"\" width=\"195\" height=\"120\" \/>[\/vc_column_text]<\/div><\/div><div class=\"columnsWrap sc_columns sc_columns_count_2\"><div class=\"columns1_2 sc_column_item sc_column_item_1 odd first\" style=\"text-align:right;;\">[vc_column_text] <p style=\"text-align: right;\"><span style=\"color: #030303;\">Av. Cesar Lattes, 131, Novo Horizonte<br \/>\nCEP 74.363-400 | Goi\u00e2nia \u2013 GO<br \/>\n<\/span> [\/vc_column_text]<\/div><div class=\"columns1_2 sc_column_item sc_column_item_2 even\" style=\"text-align:left;;\">[vc_column_text]<span style=\"color: #030303;\">62 3093.3828<br \/>\ncontato@cbmaconstrucoes.com.br<\/span>[\/vc_column_text]<\/div><\/div><\/div><\/div>[\/vc_column][\/vc_row] ","protected":false},"excerpt":{"rendered":" [vc_row][vc_column][\/vc_column][\/vc_row][vc_row][vc_column][vc_column_text][\/vc_column_text][\/vc_column][\/vc_row][vc_row css=&#8221;.vc_custom_1512732703993{background-color: #f2f2e2 !important;}&#8221;][vc_column][\/vc_column][\/vc_row] ","protected":false},"author":1,"featured_media":0,"parent":3581,"menu_order":0,"comment_status":"closed","ping_status":"closed","template":"","meta":[],"_links":{"self":[{"href":"http:\/\/grupogmx.com.br\/grupogmx\/index.php\/wp-json\/wp\/v2\/pages\/3656"}],"collection":[{"href":"http:\/\/grupogmx.com.br\/grupogmx\/index.php\/wp-json\/wp\/v2\/pages"}],"about":[{"href":"http:\/\/grupogmx.com.br\/grupogmx\/index.php\/wp-json\/wp\/v2\/types\/page"}],"author":[{"embeddable":true,"href":"http:\/\/grupogmx.com.br\/grupogmx\/index.php\/wp-json\/wp\/v2\/users\/1"}],"replies":[{"embeddable":true,"href":"http:\/\/grupogmx.com.br\/grupogmx\/index.php\/wp-json\/wp\/v2\/comments?post=3656"}],"version-history":[{"count":28,"href":"http:\/\/grupogmx.com.br\/grupogmx\/index.php\/wp-json\/wp\/v2\/pages\/3656\/revisions"}],"predecessor-version":[{"id":4678,"href":"http:\/\/grupogmx.com.br\/grupogmx\/index.php\/wp-json\/wp\/v2\/pages\/3656\/revisions\/4678"}],"up":[{"embeddable":true,"href":"http:\/\/grupogmx.com.br\/grupogmx\/index.php\/wp-json\/wp\/v2\/pages\/3581"}],"wp:attachment":[{"href":"http:\/\/grupogmx.com.br\/grupogmx\/index.php\/wp-json\/wp\/v2\/media?parent=3656"}],"curies":[{"name":"wp","href":"https:\/\/api.w.org\/{rel}","templated":true}]}}