{"id":4460,"date":"2017-10-28T21:08:54","date_gmt":"2017-10-28T21:08:54","guid":{"rendered":"http:\/\/grupogmx.com.br\/?page_id=4460"},"modified":"2018-12-08T21:35:45","modified_gmt":"2018-12-08T21:35:45","slug":"amxconstrucoes","status":"publish","type":"page","link":"http:\/\/grupogmx.com.br\/grupogmx\/index.php\/amxconstrucoes\/","title":{"rendered":"AMX CONSTRU\u00c7\u00d5ES"},"content":{"rendered":" [vc_row][vc_column]<a name=\"toc_institucional\" id=\"toc_institucional\" class=\"sc_anchor\" title=\"\" data-description=\"\" data-icon=\"none\" data-url=\"#toc_institucional\" data-separator=\"no\"><\/a><div class=\"sc_section\" style=\"color:#7d7d74;background-color:#f2f2e2;\"><div class=\"sc_content main\"><h2 class=\"sc_title sc_title_regular h1p\" style=\"margin-top:100px;margin-bottom:10px;text-align:center;color:#8a8a7b;font-weight:400;\">Infraestrutura, constru\u00e7\u00f5es e<br \/>\nsolu\u00e7\u00f5es ambientais<\/h2>[vc_column_text] <h6 style=\"text-align: center;\">O Grupo desenvolve e executa projetos de diferentes portes e segmentos para o setor p\u00fablico e privado. Em busca da excel\u00eancia aliamos o conhecimento t\u00e9cnico da nossa equipe altamente qualificada com o que h\u00e1 de mais moderno em constru\u00e7\u00e3o e solu\u00e7\u00f5es ambientais. O Grupo GMX no segmento de Infraestrutura, constru\u00e7\u00f5es e solu\u00e7\u00f5es ambientais \u00e9 formada por tr\u00eas empresas: CBMA Solu\u00e7\u00f5es Ambientais, AMX Constru\u00e7\u00f5es e Costa Brava Infraestrutura<\/h6> [\/vc_column_text]<div class=\"columnsWrap sc_columns sc_columns_count_5\" style=\"margin-top:30px;margin-bottom:50px;\"><div class=\"columns1_5 sc_column_item sc_column_item_1 odd first\"><\/div><div class=\"columns1_5 sc_column_item sc_column_item_2 even\">[vc_column_text]<img loading=\"lazy\" class=\"aligncenter size-full wp-image-4545\" src=\"http:\/\/grupogmx.com.br\/grupogmx\/wp-content\/uploads\/2015\/11\/logo-cbma.png\" alt=\"\" width=\"112\" height=\"42\" \/>[\/vc_column_text]<\/div><div class=\"columns1_5 sc_column_item sc_column_item_3 odd\">[vc_column_text]<img loading=\"lazy\" class=\"aligncenter size-full wp-image-4544\" src=\"http:\/\/grupogmx.com.br\/grupogmx\/wp-content\/uploads\/2015\/11\/logo-amx.png\" alt=\"\" width=\"95\" height=\"44\" \/>[\/vc_column_text]<\/div><div class=\"columns1_5 sc_column_item sc_column_item_4 even\">[vc_column_text]<img loading=\"lazy\" class=\"aligncenter size-full wp-image-4546\" src=\"http:\/\/grupogmx.com.br\/grupogmx\/wp-content\/uploads\/2015\/11\/logo-costa.png\" alt=\"\" width=\"170\" height=\"31\" \/>[\/vc_column_text]<\/div><div class=\"columns1_5 sc_column_item sc_column_item_5 odd\"><\/div><\/div><div class=\"columnsWrap sc_columns sc_columns_count_2\" style=\"margin-bottom:50px;\"><div class=\"columns1_2 sc_column_item sc_column_item_1 odd first\">[vc_column_text] <p style=\"text-align: center;\"><span style=\"font-size: x-large;\"><strong>Miss\u00e3o<\/strong><\/span><\/p>\n<h6 style=\"text-align: center;\">Oferecer solu\u00e7\u00f5es integradas para projetos e constru\u00e7\u00f5es de m\u00e9dio e grande porte que promovam o desenvolvimento sustent\u00e1vel e s\u00f3cio-econ\u00f4mico nos estados onde atuamos, gerando valor aos acionistas, clientes, colaboradores e \u00e0 sociedade.<\/h6> [\/vc_column_text]<\/div><div class=\"columns1_2 sc_column_item sc_column_item_2 even\">[vc_column_text] <p style=\"text-align: center;\"><span style=\"font-size: x-large;\"><strong>Vis\u00e3o<\/strong><\/span><\/p>\n<h6 style=\"text-align: center;\">Ser refer\u00eancia pela inova\u00e7\u00e3o, qualidade e efici\u00eancia na execu\u00e7\u00e3o de projetos e constru\u00e7\u00f5es de m\u00e9dio e grande porte para clientes, acionistas, colaboradores e sociedade, visando a rentabilidade e responsabilidade socioambiental.<\/h6> [\/vc_column_text]<\/div><\/div><\/div><\/div>[\/vc_column][\/vc_row][vc_row css=&#8221;.vc_custom_1510089893914{margin-bottom: 20px !important;}&#8221;][vc_column]<a name=\"toc_solucoes\" id=\"toc_solucoes\" class=\"sc_anchor\" title=\"\" data-description=\"\" data-icon=\"none\" data-url=\"#toc_solucoes\" data-separator=\"no\"><\/a><div class=\"sc_content main\" style=\"margin-top:50px !important;margin-bottom:20px !important;\"><h2 class=\"sc_title sc_title_regular h1p\" style=\"text-align:center;color:#a0a0a0;\"> <p style=\"text-align: center;\">Solu\u00e7\u00f5es <\/h2><div class=\"columnsWrap sc_columns sc_columns_count_3\"><div class=\"columns1_3 sc_column_item sc_column_item_1 odd first\"><figure class=\"sc_image  sc_image_shape_square\"><img src=\"http:\/\/grupogmx.com.br\/grupogmx\/wp-content\/uploads\/2017\/10\/solu\u00e7\u00f5es01.jpg\" alt=\"\" \/><\/figure>[vc_column_text] <p style=\"text-align: center;\">Loteamentos e urbaniza\u00e7\u00e3o [\/vc_column_text]<\/div><div class=\"columns1_3 sc_column_item sc_column_item_2 even\"><figure class=\"sc_image  sc_image_shape_square\"><img src=\"http:\/\/grupogmx.com.br\/grupogmx\/wp-content\/uploads\/2017\/10\/solu\u00e7\u00f5es02.jpg\" alt=\"\" \/><\/figure>[vc_column_text] <p style=\"text-align: center;\">Industrial e comercial [\/vc_column_text]<\/div><div class=\"columns1_3 sc_column_item sc_column_item_3 odd\"><figure class=\"sc_image  sc_image_shape_square\"><img src=\"http:\/\/grupogmx.com.br\/grupogmx\/wp-content\/uploads\/2017\/10\/solu\u00e7\u00f5es03.jpg\" alt=\"\" \/><\/figure>[vc_column_text] <p style=\"text-align: center;\">Loca\u00e7\u00e3o de maquin\u00e1rio [\/vc_column_text]<\/div><\/div><div class=\"columnsWrap sc_columns sc_columns_count_3\"><div class=\"columns1_3 sc_column_item sc_column_item_1 odd first\"><figure class=\"sc_image  sc_image_shape_square\"><img src=\"http:\/\/grupogmx.com.br\/grupogmx\/wp-content\/uploads\/2017\/10\/solu\u00e7\u00f5es04.jpg\" alt=\"\" \/><\/figure>[vc_column_text] <p style=\"text-align: center;\">Projetos p\u00fablicos e privados [\/vc_column_text]<\/div><div class=\"columns1_3 sc_column_item sc_column_item_2 even\"><figure class=\"sc_image  sc_image_shape_square\"><img src=\"http:\/\/grupogmx.com.br\/grupogmx\/wp-content\/uploads\/2017\/10\/solu\u00e7\u00f5es05.jpg\" alt=\"\" \/><\/figure>[vc_column_text] <p style=\"text-align: center;\">Tratamento de \u00e1gua e efluentes [\/vc_column_text]<\/div><div class=\"columns1_3 sc_column_item sc_column_item_3 odd\"><figure class=\"sc_image  sc_image_shape_square\"><img src=\"http:\/\/grupogmx.com.br\/grupogmx\/wp-content\/uploads\/2017\/10\/solu\u00e7\u00f5es06.jpg\" alt=\"\" \/><\/figure>[vc_column_text] <p style=\"text-align: center;\">Gera\u00e7\u00e3o de energia [\/vc_column_text]<\/div><\/div><\/div>[\/vc_column][\/vc_row][vc_row css=&#8221;.vc_custom_1510089963687{margin-top: 20px !important;}&#8221;][vc_column]<a name=\"localizacao\" id=\"localizacao\" class=\"sc_anchor\" title=\"\" data-description=\"\" data-icon=\"none\" data-url=\"#localizacao\" data-separator=\"no\"><\/a><div class=\"sc_content main\" style=\"margin-top:0px !important;margin-bottom:30px !important;\"><h2 class=\"sc_title sc_title_regular h1p\" style=\"margin-top:30px;margin-bottom:10px;text-align:center;color:#8a8a7b;font-weight:400;\">Localiza\u00e7\u00e3o<\/h2><\/div>[vc_raw_html]JTNDaWZyYW1lJTIwc3JjJTNEJTIyaHR0cHMlM0ElMkYlMkZ3d3cuZ29vZ2xlLmNvbSUyRm1hcHMlMkZlbWJlZCUzRnBiJTNEJTIxMW0xOCUyMTFtMTIlMjExbTMlMjExZDE2MDYuNjM0NzUzNzM3MTUwNSUyMTJkLTQ5LjMxOTI2MTcyMzc1OTM3NSUyMTNkLTE2LjcxNDcyNDgxNDU3Mzk0JTIxMm0zJTIxMWYwJTIxMmYwJTIxM2YwJTIxM20yJTIxMWkxMDI0JTIxMmk3NjglMjE0ZjEzLjElMjEzbTMlMjExbTIlMjExczB4MCUyNTNBMHgwJTIxMnpNVGJDc0RReUp6VXlMamtpVXlBME9jS3dNVGtuTURjdU5TSlglMjE1ZTAlMjEzbTIlMjExc3B0LUJSJTIxMnNiciUyMTR2MTU0NDMwMzU5NDYzMiUyMiUyMGZyYW1lYm9yZGVyJTNEJTIyMCUyMiUyMHN0eWxlJTNEJTIyYm9yZGVyJTNBMCUzQndpZHRoJTNBMTAwJTI1JTNCJTIwaGVpZ2h0JTNBNDAwcHglMjIlMjAlM0UlM0MlMkZpZnJhbWUlM0U=[\/vc_raw_html][\/vc_column][\/vc_row][vc_row][vc_column]<a name=\"fale_conosco\" id=\"fale_conosco\" class=\"sc_anchor\" title=\"\" data-description=\"\" data-icon=\"none\" data-url=\"#fale_conosco\" data-separator=\"no\"><\/a><h2 class=\"sc_title sc_title_regular h1p\" style=\"margin-top:100px;margin-bottom:10px;text-align:center;color:#8a8a7b;font-weight:400;\">Fale conosco<\/h2>[\/vc_column][\/vc_row][vc_row][vc_column width=&#8221;2\/3&#8243;]<div class=\"sc_section dark\" style=\"margin-bottom:50px !important;margin-left:60px !important;color:#ffffff;background-color:#ffffff;\"><div  id=\"sc_contact_form_2145227855_contact_1\" class=\"sc_contact_form sc_contact_form_contact_1\"><form id=\"sc_contact_form_2145227855\" data-formtype=\"contact_1\" method=\"post\" action=\"\"><div class=\"columnsWrap\"><div class=\"columns1_2\"><input id=\"sc_contact_form_username\" type=\"text\" name=\"username\" placeholder=\"Nome\"><\/div><div class=\"columns1_2\"><input id=\"sc_contact_form_email\" type=\"text\" name=\"email\" placeholder=\"E-mail\"><\/div><div class=\"columns1\"><input id=\"sc_contact_form_subj\" type=\"text\" name=\"subject\" placeholder=\"Assunto\"><\/div><\/div><div class=\"message\"><textarea id=\"sc_contact_form_message\" class=\"textAreaSize\" name=\"message\" placeholder=\"Mensagem\"><\/textarea><\/div><div class=\"sc_contact_form_button\"><div class=\"squareButton sc_button_size_huge sc_button_style_global global huge\"><a href=\"#\" class=\"sc_contact_form_submit\">Enviar<\/a><\/div><\/div><div class=\"result sc_infobox\"><\/div><\/form><\/div><\/div>[\/vc_column][vc_column width=&#8221;1\/3&#8243;]<div class=\"sc_section\" style=\"margin-top:60px !important;margin-left:30px !important;\"><h3 class=\"sc_title sc_title_regular\" style=\"text-align:left;\">ENTRE EM CONTATO<\/h3>[vc_column_text]62 3093.3828<br \/>\nAv. Cesar Lattes, 131, Novo Horizonte<br \/>\nCEP 74.363-400 | Goi\u00e2nia \u2013 GO[\/vc_column_text]<\/div>[\/vc_column][\/vc_row][vc_row][vc_column][vc_column_text][\/vc_column_text][\/vc_column][\/vc_row][vc_row css=&#8221;.vc_custom_1512593448232{background-color: #f2f2e2 !important;}&#8221;][vc_column]<div class=\"sc_section\" style=\"background-color:#f2f2e2;color:#ffffff\"><div class=\"sc_content main\" style=\"margin-top:50px !important;\"><div class=\"columnsWrap sc_columns sc_columns_count_1\"><div class=\"columns1_1 sc_column_item sc_column_item_1 odd first\" style=\"text-align:center;;\">[vc_column_text]<img loading=\"lazy\" class=\"size-full wp-image-4464 aligncenter\" src=\"http:\/\/grupogmx.com.br\/grupogmx\/wp-content\/uploads\/2017\/10\/logo.png\" alt=\"\" width=\"135\" height=\"62\" \/>[\/vc_column_text]<\/div><\/div><div class=\"columnsWrap sc_columns sc_columns_count_2\"><div class=\"columns1_2 sc_column_item sc_column_item_1 odd first\">[vc_column_text] <p style=\"text-align: right;\"><span style=\"color: #030303;\">Av. Cesar Lattes, 131, Novo Horizonte<br \/>\nCEP 74.363-400 | Goi\u00e2nia \u2013 GO<br \/>\n<\/span> [\/vc_column_text]<\/div><div class=\"columns1_2 sc_column_item sc_column_item_2 even\">[vc_column_text]<span style=\"color: #030303;\">62 3093.3828<br \/>\ncontato@grupogmx.com,br<\/span>[\/vc_column_text]<\/div><\/div><\/div><\/div>[\/vc_column][\/vc_row] ","protected":false},"excerpt":{"rendered":" [vc_row][vc_column][\/vc_column][\/vc_row][vc_row css=&#8221;.vc_custom_1510089893914{margin-bottom: 20px !important;}&#8221;][vc_column][\/vc_column][\/vc_row][vc_row css=&#8221;.vc_custom_1510089963687{margin-top: 20px !important;}&#8221;][vc_column][vc_raw_html]JTNDaWZyYW1lJTIwc3JjJTNEJTIyaHR0cHMlM0ElMkYlMkZ3d3cuZ29vZ2xlLmNvbSUyRm1hcHMlMkZlbWJlZCUzRnBiJTNEJTIxMW0xOCUyMTFtMTIlMjExbTMlMjExZDE2MDYuNjM0NzUzNzM3MTUwNSUyMTJkLTQ5LjMxOTI2MTcyMzc1OTM3NSUyMTNkLTE2LjcxNDcyNDgxNDU3Mzk0JTIxMm0zJTIxMWYwJTIxMmYwJTIxM2YwJTIxM20yJTIxMWkxMDI0JTIxMmk3NjglMjE0ZjEzLjElMjEzbTMlMjExbTIlMjExczB4MCUyNTNBMHgwJTIxMnpNVGJDc0RReUp6VXlMamtpVXlBME9jS3dNVGtuTURjdU5TSlglMjE1ZTAlMjEzbTIlMjExc3B0LUJSJTIxMnNiciUyMTR2MTU0NDMwMzU5NDYzMiUyMiUyMGZyYW1lYm9yZGVyJTNEJTIyMCUyMiUyMHN0eWxlJTNEJTIyYm9yZGVyJTNBMCUzQndpZHRoJTNBMTAwJTI1JTNCJTIwaGVpZ2h0JTNBNDAwcHglMjIlMjAlM0UlM0MlMkZpZnJhbWUlM0U=[\/vc_raw_html][\/vc_column][\/vc_row][vc_row][vc_column][\/vc_column][\/vc_row][vc_row][vc_column width=&#8221;2\/3&#8243;][\/vc_column][vc_column width=&#8221;1\/3&#8243;][\/vc_column][\/vc_row][vc_row][vc_column][vc_column_text][\/vc_column_text][\/vc_column][\/vc_row][vc_row css=&#8221;.vc_custom_1512593448232{background-color: #f2f2e2 !important;}&#8221;][vc_column][\/vc_column][\/vc_row] ","protected":false},"author":1,"featured_media":0,"parent":0,"menu_order":0,"comment_status":"closed","ping_status":"closed","template":"","meta":[],"_links":{"self":[{"href":"http:\/\/grupogmx.com.br\/grupogmx\/index.php\/wp-json\/wp\/v2\/pages\/4460"}],"collection":[{"href":"http:\/\/grupogmx.com.br\/grupogmx\/index.php\/wp-json\/wp\/v2\/pages"}],"about":[{"href":"http:\/\/grupogmx.com.br\/grupogmx\/index.php\/wp-json\/wp\/v2\/types\/page"}],"author":[{"embeddable":true,"href":"http:\/\/grupogmx.com.br\/grupogmx\/index.php\/wp-json\/wp\/v2\/users\/1"}],"replies":[{"embeddable":true,"href":"http:\/\/grupogmx.com.br\/grupogmx\/index.php\/wp-json\/wp\/v2\/comments?post=4460"}],"version-history":[{"count":63,"href":"http:\/\/grupogmx.com.br\/grupogmx\/index.php\/wp-json\/wp\/v2\/pages\/4460\/revisions"}],"predecessor-version":[{"id":4719,"href":"http:\/\/grupogmx.com.br\/grupogmx\/index.php\/wp-json\/wp\/v2\/pages\/4460\/revisions\/4719"}],"wp:attachment":[{"href":"http:\/\/grupogmx.com.br\/grupogmx\/index.php\/wp-json\/wp\/v2\/media?parent=4460"}],"curies":[{"name":"wp","href":"https:\/\/api.w.org\/{rel}","templated":true}]}}