{"id":4551,"date":"2017-11-09T12:24:37","date_gmt":"2017-11-09T12:24:37","guid":{"rendered":"http:\/\/grupogmx.com.br\/?page_id=4551"},"modified":"2018-12-08T22:58:03","modified_gmt":"2018-12-08T22:58:03","slug":"mbx-participacoes","status":"publish","type":"page","link":"http:\/\/grupogmx.com.br\/grupogmx\/index.php\/mbx-participacoes\/","title":{"rendered":"MBX PARTICIPA\u00c7\u00d5ES"},"content":{"rendered":" [vc_row][vc_column]<a name=\"toc_institucional\" id=\"toc_institucional\" class=\"sc_anchor\" title=\"\" data-description=\"\" data-icon=\"none\" data-url=\"#toc_institucional\" data-separator=\"no\"><\/a><div class=\"sc_section\" style=\"color:#7d7d74;background-color:#f2f2e2;\"><div class=\"sc_content main\"><h2 class=\"sc_title sc_title_regular h1p\" style=\"margin-top:100px;margin-bottom:10px;text-align:center;color:#8a8a7b;font-weight:400;\">Empreendimentos imobili\u00e1rios,<br \/>\nurbanismo e loteamentos<\/h2>[vc_column_text] <h6 style=\"text-align: center;\">O Grupo atua no desenvolvimento, planejamento e execu\u00e7\u00e3o de condom\u00ednios fechados verticais e horizontais, loteamentos, desenvolvimento imobili\u00e1rio, \u00e1reas empresariais e industriais, infraestrutura de acessibilidade e clubes recreativos completos. Desenvolvemos empreendimentos de urbanismo e loteamento, de forma \u00e9tica, sustent\u00e1vel com seguran\u00e7a e responsabilidade. Buscamos o crescimento das cidades priorizando a qualidade de vida das pessoas, a intera\u00e7\u00e3o da natureza com o ser humano a preserva\u00e7\u00e3o ambiental, infra-estrutura e mobilidade.<\/h6>\n<h6 style=\"text-align: center;\">O Grupo GMX no segmento de Empreendimentos imobili\u00e1rios, urbanismo e loteamentos \u00e9 formada por duas empresas: GMX Urbanismo e MBX Participa\u00e7\u00f5es.<\/h6> [\/vc_column_text]<div class=\"columnsWrap sc_columns sc_columns_count_4\" style=\"margin-top:30px;margin-bottom:50px;\"><div class=\"columns1_4 sc_column_item sc_column_item_1 odd first\"><\/div><div class=\"columns1_4 sc_column_item sc_column_item_2 even\"><figure class=\"sc_image  sc_image_align_right sc_image_shape_square img-empresas\" style=\"margin-right:20px !important;width:87px;height:45px;\"><img src=\"http:\/\/grupogmx.com.br\/grupogmx\/wp-content\/uploads\/2017\/11\/logo-gmx-urba-87x45.png\" alt=\"\" \/><\/figure><\/div><div class=\"columns1_4 sc_column_item sc_column_item_3 odd\"><figure class=\"sc_image  sc_image_align_left sc_image_shape_square img-empresas\" style=\"margin-left:20px !important;width:91px;height:45px;\"><img src=\"http:\/\/grupogmx.com.br\/grupogmx\/wp-content\/uploads\/2017\/11\/logo-mbx-par-91x45.png\" alt=\"\" \/><\/figure><\/div><div class=\"columns1_4 sc_column_item sc_column_item_4 even\"><\/div><\/div><div class=\"columnsWrap sc_columns sc_columns_count_2\" style=\"margin-bottom:50px;\"><div class=\"columns1_2 sc_column_item sc_column_item_1 odd first\">[vc_column_text] <p style=\"text-align: center;\"><span style=\"font-size: x-large;\"><strong>Miss\u00e3o<\/strong><\/span><\/p>\n<h6 style=\"text-align: center;\">Criar empreendimentos imobili\u00e1rios inovadores e de alta qualidade, de forma etica e sustent\u00e1vel, harmonizando a intera\u00e7\u00e3o da natureza com o ser humano proporcionando qualidade de vida para nossos clientes.<\/h6> [\/vc_column_text]<\/div><div class=\"columns1_2 sc_column_item sc_column_item_2 even\">[vc_column_text] <p style=\"text-align: center;\"><span style=\"font-size: x-large;\"><strong>Vis\u00e3o<\/strong><\/span><\/p>\n<h6 style=\"text-align: center;\">Ser uma empresa refer\u00eancia pelo compromisso com a excel\u00eancia, inova\u00e7\u00e3o, sustentabilidade, efici\u00eancia, confiabilidade e compromisso com o cliente. Faz parte da nossa ess\u00eancia, valorizar a vida das pessoas e a melhora da sociedade.<\/h6> [\/vc_column_text]<\/div><\/div><\/div><\/div>[\/vc_column][\/vc_row][vc_row][vc_column]<a name=\"toc_solucoes\" id=\"toc_solucoes\" class=\"sc_anchor\" title=\"\" data-description=\"\" data-icon=\"none\" data-url=\"#toc_solucoes\" data-separator=\"no\"><\/a><div class=\"sc_content main\" style=\"margin-top:50px !important;margin-bottom:20px !important;\"><h2 class=\"sc_title sc_title_regular h1p\" style=\"margin-bottom:0px;text-align:center;\">Atuamos no desenvolvimento, planejamento e execu\u00e7\u00e3o <\/h2><h3 class=\"sc_title sc_title_regular\" style=\"margin-top:0px;text-align:center;\">Projetos de pequeno, m\u00e9dio e grande porte <\/h3><div class=\"columnsWrap sc_columns sc_columns_count_3\" style=\"margin-top:20px;\"><div class=\"columns1_3 sc_column_item sc_column_item_1 odd first\">[vc_column_text] <p style=\"text-align: center;\"><span style=\"font-size: large;\"><strong><img loading=\"lazy\" class=\"aligncenter size-full wp-image-4531\" src=\"http:\/\/grupogmx.com.br\/wp-content\/uploads\/2017\/11\/01iconeurba.png\" alt=\"\" width=\"91\" height=\"93\" \/><br \/>\nUrbanismo<\/strong><\/span><\/p>\n<h6 style=\"text-align: center;\">Projetos que harmonizam infraestrutura, complexos de lazer com op\u00e7\u00f5es para toda a fam\u00edlia, \u00e1reas verdes, seguran\u00e7a e sustentabilidade.<\/h6> [\/vc_column_text]<\/div><div class=\"columns1_3 sc_column_item sc_column_item_2 even\">[vc_column_text] <p style=\"text-align: center;\"><span style=\"font-size: large;\"><strong><img loading=\"lazy\" class=\"aligncenter wp-image-4532 size-full\" src=\"http:\/\/grupogmx.com.br\/wp-content\/uploads\/2017\/11\/02iconelote.png\" alt=\"\" width=\"91\" height=\"93\" \/><br \/>\nLoteamento<\/strong><\/span><\/p>\n<h6 style=\"text-align: center;\">Empreendimentos que oferecem infraestrutura e acesso a conveni\u00eancias como \u00e1reas de lazer, escolas, comercio e servi\u00e7os. Com foco na qualidade de vida e sustentabilidade.<\/h6> [\/vc_column_text]<\/div><div class=\"columns1_3 sc_column_item sc_column_item_3 odd\">[vc_column_text] <p style=\"text-align: center;\"><span style=\"font-size: large;\"><strong><img loading=\"lazy\" class=\"aligncenter wp-image-4533 size-full\" src=\"http:\/\/grupogmx.com.br\/wp-content\/uploads\/2017\/11\/03iconeempre.png\" alt=\"\" width=\"91\" height=\"93\" \/><br \/>\nEmpreendimentos imobili\u00e1rios<\/strong><\/span><\/p>\n<h6 style=\"text-align: center;\">Empreendimentos imobili\u00e1rios cuidadosamente planejados priorizando a qualidade vida dos nossos clientes e gerando valor \u00e0 sociedade.<\/h6> [\/vc_column_text]<\/div><\/div><\/div><div class=\"sc_content main\" style=\"margin-top:50px !important;margin-bottom:30px !important;\"><h2 class=\"sc_title sc_title_regular h1p\" style=\"margin-bottom:0px;text-align:center;\">Empreendimentos<\/h2><h3 class=\"sc_title sc_title_regular\" style=\"margin-top:0px;text-align:center;\">Lotes multifamiliares, mistos e comerciais com infraestrutura urbana completa<\/h3><div class=\"columnsWrap sc_columns sc_columns_count_4\"><div class=\"columns1_4 sc_column_item sc_column_item_1 odd first\">[vc_column_text] <h6 style=\"text-align: center;\"><img loading=\"lazy\" class=\"aligncenter size-full wp-image-4538\" src=\"http:\/\/grupogmx.com.br\/wp-content\/uploads\/2017\/11\/01empreendimento.png\" alt=\"\" width=\"264\" height=\"160\" \/><br \/>\n<strong>Planaltina de Goi\u00e1s<\/strong><br \/>\nResidencial brasilinha<\/h6> [\/vc_column_text]<\/div><div class=\"columns1_4 sc_column_item sc_column_item_2 even\">[vc_column_text] <h6 style=\"text-align: center;\"><img loading=\"lazy\" class=\"aligncenter size-full wp-image-4535\" src=\"http:\/\/grupogmx.com.br\/wp-content\/uploads\/2017\/11\/02empreendimento.png\" alt=\"\" width=\"264\" height=\"160\" \/><br \/>\n<strong>Mineiros de Goi\u00e1s<\/strong><br \/>\nCidade de mineiros<br \/>\nCosta verde<\/h6> [\/vc_column_text]<\/div><div class=\"columns1_4 sc_column_item sc_column_item_3 odd\">[vc_column_text] <h6 style=\"text-align: center;\"><img loading=\"lazy\" class=\"aligncenter size-full wp-image-4536\" src=\"http:\/\/grupogmx.com.br\/wp-content\/uploads\/2017\/11\/03empreendimento.png\" alt=\"\" width=\"264\" height=\"160\" \/><strong><br \/>\nCidade de Ner\u00f3polis<\/strong><\/h6> [\/vc_column_text]<\/div><div class=\"columns1_4 sc_column_item sc_column_item_4 even\">[vc_column_text] <h6 style=\"text-align: center;\"><img loading=\"lazy\" class=\"aligncenter size-full wp-image-4537\" src=\"http:\/\/grupogmx.com.br\/wp-content\/uploads\/2017\/11\/04empreendimento.png\" alt=\"\" width=\"264\" height=\"160\" \/><strong><br \/>\nRio verde<\/strong><br \/>\nProjeto em execu\u00e7\u00e3o<\/h6> [\/vc_column_text]<\/div><\/div><\/div>[\/vc_column][\/vc_row][vc_row][vc_column]<a name=\"localizacao\" id=\"localizacao\" class=\"sc_anchor\" title=\"\" data-description=\"\" data-icon=\"none\" data-url=\"#localizacao\" data-separator=\"no\"><\/a><div class=\"sc_content main\" style=\"margin-top:50px !important;margin-bottom:30px !important;\"><h2 class=\"sc_title sc_title_regular\" style=\"text-align:center;\">LOCALIZA\u00c7\u00c3O<\/h2><\/div>[vc_raw_html]JTNDaWZyYW1lJTIwc3JjJTNEJTIyaHR0cHMlM0ElMkYlMkZ3d3cuZ29vZ2xlLmNvbSUyRm1hcHMlMkZlbWJlZCUzRnBiJTNEJTIxMW0xOCUyMTFtMTIlMjExbTMlMjExZDE2MDYuNjM0NzUzNzM3MTUwNSUyMTJkLTQ5LjMxOTI2MTcyMzc1OTM3NSUyMTNkLTE2LjcxNDcyNDgxNDU3Mzk0JTIxMm0zJTIxMWYwJTIxMmYwJTIxM2YwJTIxM20yJTIxMWkxMDI0JTIxMmk3NjglMjE0ZjEzLjElMjEzbTMlMjExbTIlMjExczB4MCUyNTNBMHgwJTIxMnpNVGJDc0RReUp6VXlMamtpVXlBME9jS3dNVGtuTURjdU5TSlglMjE1ZTAlMjEzbTIlMjExc3B0LUJSJTIxMnNiciUyMTR2MTU0NDMwMzU5NDYzMiUyMiUyMGZyYW1lYm9yZGVyJTNEJTIyMCUyMiUyMHN0eWxlJTNEJTIyYm9yZGVyJTNBMCUzQndpZHRoJTNBMTAwJTI1JTNCJTIwaGVpZ2h0JTNBNDAwcHglMjIlMjAlM0UlM0MlMkZpZnJhbWUlM0U=[\/vc_raw_html][\/vc_column][\/vc_row][vc_row][vc_column]<a name=\"fale_conosco\" id=\"fale_conosco\" class=\"sc_anchor\" title=\"\" data-description=\"\" data-icon=\"none\" data-url=\"#fale_conosco\" data-separator=\"no\"><\/a><h2 class=\"sc_title sc_title_regular\" style=\"margin-top:95px;text-align:center;\">FALE CONOSCO<\/h2>[\/vc_column][\/vc_row][vc_row][vc_column width=&#8221;2\/3&#8243;]<div class=\"sc_section dark\" style=\"margin-bottom:50px !important;margin-left:60px !important;color:#ffffff;background-color:#ffffff;\"><div  id=\"sc_contact_form_423928135_contact_1\" class=\"sc_contact_form sc_contact_form_contact_1\"><form id=\"sc_contact_form_423928135\" data-formtype=\"contact_1\" method=\"post\" action=\"\"><div class=\"columnsWrap\"><div class=\"columns1_2\"><input id=\"sc_contact_form_username\" type=\"text\" name=\"username\" placeholder=\"Nome\"><\/div><div class=\"columns1_2\"><input id=\"sc_contact_form_email\" type=\"text\" name=\"email\" placeholder=\"E-mail\"><\/div><div class=\"columns1\"><input id=\"sc_contact_form_subj\" type=\"text\" name=\"subject\" placeholder=\"Assunto\"><\/div><\/div><div class=\"message\"><textarea id=\"sc_contact_form_message\" class=\"textAreaSize\" name=\"message\" placeholder=\"Mensagem\"><\/textarea><\/div><div class=\"sc_contact_form_button\"><div class=\"squareButton sc_button_size_huge sc_button_style_global global huge\"><a href=\"#\" class=\"sc_contact_form_submit\">Enviar<\/a><\/div><\/div><div class=\"result sc_infobox\"><\/div><\/form><\/div><\/div>[\/vc_column][vc_column width=&#8221;1\/3&#8243;]<div class=\"sc_section\" style=\"margin-top:60px !important;margin-left:30px !important;\"><h3 class=\"sc_title sc_title_regular\" style=\"text-align:left;\">ENTRE EM CONTATO<\/h3>[vc_column_text]62 3093.3828<br \/>\nAv. Cesar Lattes, 131, Novo Horizonte<br \/>\nCEP 74.363-400 | Goi\u00e2nia \u2013 GO<br \/>\ncontato@grupogmx.com,br[\/vc_column_text]<\/div>[\/vc_column][\/vc_row][vc_row][vc_column][vc_column_text][\/vc_column_text][\/vc_column][\/vc_row][vc_row css=&#8221;.vc_custom_1512593642964{background-color: #f2f2e2 !important;}&#8221;][vc_column]<div class=\"sc_section\" style=\"background-color:#f2f2e2;color:#ffffff\"><div class=\"sc_content main\" style=\"margin-top:50px !important;\"><div class=\"columnsWrap sc_columns sc_columns_count_1\"><div class=\"columns1_1 sc_column_item sc_column_item_1 odd first\" style=\"text-align:center;;\">[vc_column_text]<img loading=\"lazy\" class=\"aligncenter wp-image-4553 size-full\" src=\"http:\/\/grupogmx.com.br\/grupogmx\/wp-content\/uploads\/2017\/11\/logoprincipal.png\" alt=\"\" width=\"129\" height=\"64\" \/>[\/vc_column_text]<\/div><\/div><div class=\"columnsWrap sc_columns sc_columns_count_2\"><div class=\"columns1_2 sc_column_item sc_column_item_1 odd first\">[vc_column_text] <p style=\"text-align: right;\"><span style=\"color: #030303;\">Av. Cesar Lattes, 131, Novo Horizonte<br \/>\nCEP 74.363-400 | Goi\u00e2nia \u2013 GO<br \/>\n<\/span> [\/vc_column_text]<\/div><div class=\"columns1_2 sc_column_item sc_column_item_2 even\">[vc_column_text]<span style=\"color: #030303;\">62 3093.3828<br \/>\ncontato@grupogmx.com,br<\/span>[\/vc_column_text]<\/div><\/div><\/div><\/div>[\/vc_column][\/vc_row] ","protected":false},"excerpt":{"rendered":" [vc_row][vc_column][\/vc_column][\/vc_row][vc_row][vc_column][\/vc_column][\/vc_row][vc_row][vc_column][vc_raw_html]JTNDaWZyYW1lJTIwc3JjJTNEJTIyaHR0cHMlM0ElMkYlMkZ3d3cuZ29vZ2xlLmNvbSUyRm1hcHMlMkZlbWJlZCUzRnBiJTNEJTIxMW0xOCUyMTFtMTIlMjExbTMlMjExZDE2MDYuNjM0NzUzNzM3MTUwNSUyMTJkLTQ5LjMxOTI2MTcyMzc1OTM3NSUyMTNkLTE2LjcxNDcyNDgxNDU3Mzk0JTIxMm0zJTIxMWYwJTIxMmYwJTIxM2YwJTIxM20yJTIxMWkxMDI0JTIxMmk3NjglMjE0ZjEzLjElMjEzbTMlMjExbTIlMjExczB4MCUyNTNBMHgwJTIxMnpNVGJDc0RReUp6VXlMamtpVXlBME9jS3dNVGtuTURjdU5TSlglMjE1ZTAlMjEzbTIlMjExc3B0LUJSJTIxMnNiciUyMTR2MTU0NDMwMzU5NDYzMiUyMiUyMGZyYW1lYm9yZGVyJTNEJTIyMCUyMiUyMHN0eWxlJTNEJTIyYm9yZGVyJTNBMCUzQndpZHRoJTNBMTAwJTI1JTNCJTIwaGVpZ2h0JTNBNDAwcHglMjIlMjAlM0UlM0MlMkZpZnJhbWUlM0U=[\/vc_raw_html][\/vc_column][\/vc_row][vc_row][vc_column][\/vc_column][\/vc_row][vc_row][vc_column width=&#8221;2\/3&#8243;][\/vc_column][vc_column width=&#8221;1\/3&#8243;][\/vc_column][\/vc_row][vc_row][vc_column][vc_column_text][\/vc_column_text][\/vc_column][\/vc_row][vc_row css=&#8221;.vc_custom_1512593642964{background-color: #f2f2e2 !important;}&#8221;][vc_column][\/vc_column][\/vc_row] ","protected":false},"author":1,"featured_media":0,"parent":0,"menu_order":0,"comment_status":"closed","ping_status":"closed","template":"","meta":[],"_links":{"self":[{"href":"http:\/\/grupogmx.com.br\/grupogmx\/index.php\/wp-json\/wp\/v2\/pages\/4551"}],"collection":[{"href":"http:\/\/grupogmx.com.br\/grupogmx\/index.php\/wp-json\/wp\/v2\/pages"}],"about":[{"href":"http:\/\/grupogmx.com.br\/grupogmx\/index.php\/wp-json\/wp\/v2\/types\/page"}],"author":[{"embeddable":true,"href":"http:\/\/grupogmx.com.br\/grupogmx\/index.php\/wp-json\/wp\/v2\/users\/1"}],"replies":[{"embeddable":true,"href":"http:\/\/grupogmx.com.br\/grupogmx\/index.php\/wp-json\/wp\/v2\/comments?post=4551"}],"version-history":[{"count":5,"href":"http:\/\/grupogmx.com.br\/grupogmx\/index.php\/wp-json\/wp\/v2\/pages\/4551\/revisions"}],"predecessor-version":[{"id":4727,"href":"http:\/\/grupogmx.com.br\/grupogmx\/index.php\/wp-json\/wp\/v2\/pages\/4551\/revisions\/4727"}],"wp:attachment":[{"href":"http:\/\/grupogmx.com.br\/grupogmx\/index.php\/wp-json\/wp\/v2\/media?parent=4551"}],"curies":[{"name":"wp","href":"https:\/\/api.w.org\/{rel}","templated":true}]}}