{"id":4753,"date":"2022-01-14T19:51:42","date_gmt":"2022-01-14T19:51:42","guid":{"rendered":"http:\/\/grupogmx.com.br\/grupogmx\/?page_id=4753"},"modified":"2022-01-17T21:47:36","modified_gmt":"2022-01-17T21:47:36","slug":"canal-de-denuncia","status":"publish","type":"page","link":"http:\/\/grupogmx.com.br\/grupogmx\/index.php\/canal-de-denuncia\/","title":{"rendered":"Canal de Den\u00fancia"},"content":{"rendered":"\n<div class=\"wp-block-columns\">\n<div class=\"wp-block-column\" style=\"flex-basis:15%\"><\/div>\n\n\n\n<div class=\"wp-block-column\">\n<p>O Canal de Den\u00fancia da empresa Costa Brava.<br>Neste canal voc\u00ea pode registrar com sigilo e seguran\u00e7a demanda com ind\u00edcios de crimes, infra\u00e7\u00f5es \u00e0 legisla\u00e7\u00e3o vigente, lavagem de dinheiro, assim como outros il\u00edcitos que possam estar relacionados \u00e0s atividades da Costa Brava. <div class=\"wpforms-container wpforms-container-full\" id=\"wpforms-4759\"><form id=\"wpforms-form-4759\" class=\"wpforms-validate wpforms-form wpforms-ajax-form\" data-formid=\"4759\" method=\"post\" enctype=\"multipart\/form-data\" action=\"\/grupogmx\/index.php\/wp-json\/wp\/v2\/pages\/4753\" data-token=\"e3f7da106c86b5799de41229beed9d62\"><noscript class=\"wpforms-error-noscript\">Ative o JavaScript no seu navegador para preencher este formul\u00e1rio.<\/noscript><div class=\"wpforms-field-container\"><div id=\"wpforms-4759-field_1-container\" class=\"wpforms-field wpforms-field-radio\" data-field-id=\"1\"><label class=\"wpforms-field-label\" for=\"wpforms-4759-field_1\">Voc\u00ea gostaria de se identificar? <span class=\"wpforms-required-label\">*<\/span><\/label><ul id=\"wpforms-4759-field_1\" class=\"wpforms-field-required\"><li class=\"choice-1 depth-1\"><input type=\"radio\" id=\"wpforms-4759-field_1_1\" name=\"wpforms[fields][1]\" value=\"Sim\" required ><label class=\"wpforms-field-label-inline\" for=\"wpforms-4759-field_1_1\">Sim<\/label><\/li><li class=\"choice-2 depth-1\"><input type=\"radio\" id=\"wpforms-4759-field_1_2\" name=\"wpforms[fields][1]\" value=\"N\u00e3o\" required ><label class=\"wpforms-field-label-inline\" for=\"wpforms-4759-field_1_2\">N\u00e3o<\/label><\/li><\/ul><\/div><div id=\"wpforms-4759-field_2-container\" class=\"wpforms-field wpforms-field-text\" data-field-id=\"2\"><label class=\"wpforms-field-label wpforms-label-hide\" for=\"wpforms-4759-field_2\">Nome Completo<\/label><input type=\"text\" id=\"wpforms-4759-field_2\" class=\"wpforms-field-medium\" name=\"wpforms[fields][2]\" placeholder=\"Nome completo\" ><\/div><div id=\"wpforms-4759-field_3-container\" class=\"wpforms-field wpforms-field-radio\" data-field-id=\"3\"><label class=\"wpforms-field-label\" for=\"wpforms-4759-field_3\">Qual sua rela\u00e7\u00e3o com a empresa? <span class=\"wpforms-required-label\">*<\/span><\/label><ul id=\"wpforms-4759-field_3\" class=\"wpforms-field-required\"><li class=\"choice-1 depth-1\"><input type=\"radio\" id=\"wpforms-4759-field_3_1\" name=\"wpforms[fields][3]\" value=\"Empregado\" required ><label class=\"wpforms-field-label-inline\" for=\"wpforms-4759-field_3_1\">Empregado<\/label><\/li><li class=\"choice-2 depth-1\"><input type=\"radio\" id=\"wpforms-4759-field_3_2\" name=\"wpforms[fields][3]\" value=\"Ex-empregado\" required ><label class=\"wpforms-field-label-inline\" for=\"wpforms-4759-field_3_2\">Ex-empregado<\/label><\/li><li class=\"choice-3 depth-1\"><input type=\"radio\" id=\"wpforms-4759-field_3_3\" name=\"wpforms[fields][3]\" value=\"Cliente\" required ><label class=\"wpforms-field-label-inline\" for=\"wpforms-4759-field_3_3\">Cliente<\/label><\/li><li class=\"choice-4 depth-1\"><input type=\"radio\" id=\"wpforms-4759-field_3_4\" name=\"wpforms[fields][3]\" value=\"N\u00e3o-Cliente\" required ><label class=\"wpforms-field-label-inline\" for=\"wpforms-4759-field_3_4\">N\u00e3o-Cliente<\/label><\/li><li class=\"choice-5 depth-1\"><input type=\"radio\" id=\"wpforms-4759-field_3_5\" name=\"wpforms[fields][3]\" value=\"Estagi\u00e1rio\" required ><label class=\"wpforms-field-label-inline\" for=\"wpforms-4759-field_3_5\">Estagi\u00e1rio<\/label><\/li><li class=\"choice-6 depth-1\"><input type=\"radio\" id=\"wpforms-4759-field_3_6\" name=\"wpforms[fields][3]\" value=\"Fornecedor\" required ><label class=\"wpforms-field-label-inline\" for=\"wpforms-4759-field_3_6\">Fornecedor<\/label><\/li><li class=\"choice-7 depth-1\"><input type=\"radio\" id=\"wpforms-4759-field_3_7\" name=\"wpforms[fields][3]\" value=\"Prestador de servi\u00e7os\" required ><label class=\"wpforms-field-label-inline\" for=\"wpforms-4759-field_3_7\">Prestador de servi\u00e7os<\/label><\/li><\/ul><\/div><div id=\"wpforms-4759-field_4-container\" class=\"wpforms-field wpforms-field-text\" data-field-id=\"4\"><label class=\"wpforms-field-label\" for=\"wpforms-4759-field_4\">Onde ocorreu a situa\u00e7\u00e3o?<\/label><input type=\"text\" id=\"wpforms-4759-field_4\" class=\"wpforms-field-medium\" name=\"wpforms[fields][4]\" ><\/div><div id=\"wpforms-4759-field_5-container\" class=\"wpforms-field wpforms-field-radio\" data-field-id=\"5\"><label class=\"wpforms-field-label\" for=\"wpforms-4759-field_5\">H\u00e1 testemunhas? <span class=\"wpforms-required-label\">*<\/span><\/label><ul id=\"wpforms-4759-field_5\" class=\"wpforms-field-required\"><li class=\"choice-1 depth-1\"><input type=\"radio\" id=\"wpforms-4759-field_5_1\" name=\"wpforms[fields][5]\" value=\"Sim\" required ><label class=\"wpforms-field-label-inline\" for=\"wpforms-4759-field_5_1\">Sim<\/label><\/li><li class=\"choice-2 depth-1\"><input type=\"radio\" id=\"wpforms-4759-field_5_2\" name=\"wpforms[fields][5]\" value=\"N\u00e3o\" required ><label class=\"wpforms-field-label-inline\" for=\"wpforms-4759-field_5_2\">N\u00e3o<\/label><\/li><\/ul><\/div><div id=\"wpforms-4759-field_6-container\" class=\"wpforms-field wpforms-field-textarea\" data-field-id=\"6\"><label class=\"wpforms-field-label\" for=\"wpforms-4759-field_6\">Relate a den\u00fancia de forma detalhada. <span class=\"wpforms-required-label\">*<\/span><\/label><textarea id=\"wpforms-4759-field_6\" class=\"wpforms-field-medium wpforms-field-required\" name=\"wpforms[fields][6]\" required><\/textarea><\/div><\/div><div class=\"wpforms-submit-container\"><input type=\"hidden\" name=\"wpforms[id]\" value=\"4759\"><input type=\"hidden\" name=\"wpforms[author]\" value=\"1\"><button type=\"submit\" name=\"wpforms[submit]\" id=\"wpforms-submit-4759\" class=\"wpforms-submit\" data-alt-text=\"Enviando...\" data-submit-text=\"Enviar\" aria-live=\"assertive\" value=\"wpforms-submit\">Enviar<\/button><img src=\"http:\/\/grupogmx.com.br\/grupogmx\/wp-content\/plugins\/wpforms-lite\/assets\/images\/submit-spin.svg\" class=\"wpforms-submit-spinner\" style=\"display: none;\" width=\"26\" height=\"26\" alt=\"\"><\/div><\/form><\/div>  <!-- .wpforms-container --> <\/div>\n\n\n\n<div class=\"wp-block-column\" style=\"flex-basis:15%\"><\/div>\n<\/div>\n","protected":false},"excerpt":{"rendered":"<p>O Canal de Den\u00fancia da empresa Costa Brava.Neste canal voc\u00ea pode registrar com sigilo e seguran\u00e7a demanda com ind\u00edcios de crimes, infra\u00e7\u00f5es \u00e0 legisla\u00e7\u00e3o vigente, lavagem de dinheiro, assim como outros il\u00edcitos que possam estar relacionados \u00e0s atividades da Costa Brava.<\/p>\n","protected":false},"author":1,"featured_media":0,"parent":0,"menu_order":0,"comment_status":"closed","ping_status":"closed","template":"","meta":[],"_links":{"self":[{"href":"http:\/\/grupogmx.com.br\/grupogmx\/index.php\/wp-json\/wp\/v2\/pages\/4753"}],"collection":[{"href":"http:\/\/grupogmx.com.br\/grupogmx\/index.php\/wp-json\/wp\/v2\/pages"}],"about":[{"href":"http:\/\/grupogmx.com.br\/grupogmx\/index.php\/wp-json\/wp\/v2\/types\/page"}],"author":[{"embeddable":true,"href":"http:\/\/grupogmx.com.br\/grupogmx\/index.php\/wp-json\/wp\/v2\/users\/1"}],"replies":[{"embeddable":true,"href":"http:\/\/grupogmx.com.br\/grupogmx\/index.php\/wp-json\/wp\/v2\/comments?post=4753"}],"version-history":[{"count":8,"href":"http:\/\/grupogmx.com.br\/grupogmx\/index.php\/wp-json\/wp\/v2\/pages\/4753\/revisions"}],"predecessor-version":[{"id":4774,"href":"http:\/\/grupogmx.com.br\/grupogmx\/index.php\/wp-json\/wp\/v2\/pages\/4753\/revisions\/4774"}],"wp:attachment":[{"href":"http:\/\/grupogmx.com.br\/grupogmx\/index.php\/wp-json\/wp\/v2\/media?parent=4753"}],"curies":[{"name":"wp","href":"https:\/\/api.w.org\/{rel}","templated":true}]}}